{"id":276,"date":"2020-08-10T15:33:31","date_gmt":"2020-08-10T18:33:31","guid":{"rendered":"http:\/\/bg1.com.br\/loja\/?page_id=276"},"modified":"2022-11-25T14:06:03","modified_gmt":"2022-11-25T17:06:03","slug":"a-empresa","status":"publish","type":"page","link":"https:\/\/bg1.com.br\/loja\/a-empresa\/","title":{"rendered":"A Empresa"},"content":{"rendered":"\n<h1 class=\"wp-block-heading\">Brazil Gallery Galeria de Arte<\/h1>\n\n\n\n<p><strong>Brazil Gallery<\/strong>, a arte como investimento.<\/p>\n\n\n\n<p>Qualquer forma de arte digna desse nome \u00e9 uma atividade eminentemente cultural em que o ser humano expressa a sua rela\u00e7\u00e3o com o universo, seja por meio de figuras, formas, palavras, sons, gestos e outros signos criados e estruturados de modo a produzir beleza, prazer ou qualquer outro tipo de emo\u00e7\u00e3o oriunda de um impacto est\u00e9tico.<\/p>\n\n\n\n<p>Investir em arte vale a pena desde que com crit\u00e9rio e sabendo que se corre um risco como com em qualquer outro investimento. Nesse sentido, a&nbsp;<strong>Brazil Gallery<\/strong>&nbsp;tem em seu acervo artistas renomados, do mundo contempor\u00e2neo, representantes da Arte Moderna e Na\u00eff.<\/p>\n\n\n\n<p>Na avalia\u00e7\u00e3o de uma obra de arte, dois elementos s\u00e3o essenciais e complementares. Existe o componente t\u00e9cnico, que abrange o relacionamento do artista com os seus meios (a tela, os pinc\u00e9is e a tinta, no caso da pintura), e o simb\u00f3lico, voltado para a trama complexa de rela\u00e7\u00f5es entre a arte, o sujeito e a sociedade.<\/p>\n\n\n\n<p>Nesse sentido, na&nbsp;<strong>Brazil Gallery<\/strong>, o empres\u00e1rio Carlos Ernesto, une o seu amor \u00e0 arte ao bom gosto, abrindo um espa\u00e7o onde o que de melhor est\u00e1 sendo produzido em Artes Pl\u00e1sticas no Brasil ganha lugar de destaque.<\/p>\n\n\n\n<p>Se, por um lado, conceber a arte como investimento significaria, em termos puramente econ\u00f4micos, realizar uma aplica\u00e7\u00e3o de recursos em empreendimentos ou produtos que render\u00e3o lucro; por outro, quando se pensa em arte, essa frieza de dados num\u00e9ricos precisa ser vista sob nova perspectiva.<\/p>\n\n\n\n<p>O prazer que se tem em possuir uma obra precisa estar associado ao nome do artista e \u00e0 data da obra, por exemplo. Para atender os mais variados estilos, portanto, o empres\u00e1rio procurou mesclar seu acervo, que vai desde obras mais tradicionais \u00e0s mais modernas, passando pelos artistas Na\u00eff, que retratam o Brasil r\u00fastico e regional aos artistas universais.<\/p>\n\n\n\n<p>A arte \u00e9 vista como investimento no sentido de obter um prazer est\u00e9tico renovado a cada observa\u00e7\u00e3o atenta do trabalho que se possui. Quando se pensa em investir em arte, n\u00e3o se trata apenas de ter um quadro ou escultura em casa e verificar como o trabalho valoriza no mercado ao longo do tempo, mas de atestar quanto e como a posse de um trabalho pl\u00e1stico dignifica o seu possuidor.<\/p>\n\n\n\n<p>Ingressar no mercado de arte levando em conta apenas a l\u00f3gica quantitativa e num\u00e9rica redundar\u00e1 em fracasso. Embora as informa\u00e7\u00f5es sobre valores sejam fundamentais, n\u00e3o podem substituir a rela\u00e7\u00e3o afetiva entre o comprador e a pintura. Eles precisam dialogar numa esfera que v\u00e1 al\u00e9m do dinheiro e que passe pela da sensibilidade, do gosto e da afetividade.<\/p>\n\n\n\n<p>O trabalho desenvolvido na&nbsp;<strong>Brazil Gallery<\/strong>&nbsp;aponta que barato e caro, numa concep\u00e7\u00e3o simplista, perdem o sentido, sendo apenas duas facetas de um universo que conjuga o que o mercado dita com aquilo que o cora\u00e7\u00e3o sente.<\/p>\n\n\n\n<p>Nessa balan\u00e7a entre a frieza num\u00e9rica e a emotividade humana, apenas h\u00e1 um grande vencedor: aquele que se deleita em ter uma obra de arte que julga significativa, considerando-a um investimento, mas tamb\u00e9m um motivo de prazer est\u00e9tico.<\/p>\n\n\n\n<p>O melhor modo de investir, como est\u00e1 claro para a equipe da&nbsp;<strong>Brazil Gallery<\/strong>, \u00e9 freq\u00fcentar galerias de arte e leil\u00f5es, associando o que se gostaria de ter com aquilo que \u00e9 exposto e o que vem sendo valorizado.<\/p>\n\n\n\n<p>Oscar D\u2019Ambrosio integra a Associa\u00e7\u00e3o Internacional de Cr\u00edticos de Arte (AICA-Se\u00e7\u00e3o Brasil). \u00c9 doutor em Educa\u00e7\u00e3o, Arte e Hist\u00f3ria da Cultura pela Universidade Mackenzie e mestre em Artes pelo Instituto de Artes da Unesp.<\/p>\n\n\n\n<p><strong>Dados da Empresa<\/strong><\/p>\n\n\n\n<blockquote class=\"wp-block-quote is-layout-flow wp-block-quote-is-layout-flow\"><p><br>Brazil Gallery Galeria de Arte Ltda.<br>Endere\u00e7o: Av. El\u00edsio Teixeira Leite, 2160 A CJ. 01 \u2013 Freguesia do \u00d3<br>Cidade: S\u00e3o Paulo<br>Estado: SP<br>Cel: (11) 9 7436-8581 &#8211; (11) 9 9207-4262<br>E-mail: contato@bg1.com.br<\/p><\/blockquote>\n","protected":false},"excerpt":{"rendered":"<p>Brazil Gallery Galeria de Arte Brazil Gallery, a arte como investimento. Qualquer forma de arte digna desse nome \u00e9 uma atividade eminentemente cultural em que o ser humano expressa a sua rela\u00e7\u00e3o com o universo, seja por meio de figuras, formas, palavras, sons, gestos e outros signos criados e estruturados de modo a produzir beleza, [&#8230;]\n","protected":false},"author":1,"featured_media":0,"parent":0,"menu_order":0,"comment_status":"closed","ping_status":"closed","template":"","meta":{"footnotes":""},"class_list":["post-276","page","type-page","status-publish","hentry"],"aioseo_notices":[],"_links":{"self":[{"href":"https:\/\/bg1.com.br\/loja\/wp-json\/wp\/v2\/pages\/276","targetHints":{"allow":["GET"]}}],"collection":[{"href":"https:\/\/bg1.com.br\/loja\/wp-json\/wp\/v2\/pages"}],"about":[{"href":"https:\/\/bg1.com.br\/loja\/wp-json\/wp\/v2\/types\/page"}],"author":[{"embeddable":true,"href":"https:\/\/bg1.com.br\/loja\/wp-json\/wp\/v2\/users\/1"}],"replies":[{"embeddable":true,"href":"https:\/\/bg1.com.br\/loja\/wp-json\/wp\/v2\/comments?post=276"}],"version-history":[{"count":7,"href":"https:\/\/bg1.com.br\/loja\/wp-json\/wp\/v2\/pages\/276\/revisions"}],"predecessor-version":[{"id":1489,"href":"https:\/\/bg1.com.br\/loja\/wp-json\/wp\/v2\/pages\/276\/revisions\/1489"}],"wp:attachment":[{"href":"https:\/\/bg1.com.br\/loja\/wp-json\/wp\/v2\/media?parent=276"}],"curies":[{"name":"wp","href":"https:\/\/api.w.org\/{rel}","templated":true}]}}