{"id":280,"date":"2020-08-10T15:42:29","date_gmt":"2020-08-10T18:42:29","guid":{"rendered":"http:\/\/bg1.com.br\/loja\/?page_id=280"},"modified":"2021-12-14T14:07:54","modified_gmt":"2021-12-14T17:07:54","slug":"como-comprar-na-loja","status":"publish","type":"page","link":"https:\/\/bg1.com.br\/loja\/como-comprar-na-loja\/","title":{"rendered":"Como comprar na loja"},"content":{"rendered":"\n<p><strong>Saiba como fazer suas compras na&nbsp;Brazil Gallery&nbsp;Galeria de Arte<\/strong><\/p>\n\n\n\n<h6 class=\"wp-block-heading\"> Escolha do Produto<\/h6>\n\n\n\n<p>Voc\u00ea pode navegar pela loja utilizando o Menu Lateral de se\u00e7\u00f5es. Voc\u00ea tamb\u00e9m pode utilizar a Busca para encontrar o produto desejado. Ap\u00f3s encontrar o produto, clique sobre ele para obter mais detalhes. Para colocar o produto em seu <strong>Carrinho de Compras<\/strong>, clique no bot\u00e3o <strong>Comprar<\/strong>, ao lado direito do produto. Automaticamente voc\u00ea ser\u00e1 direcionado para a p\u00e1gina <strong>Carrinho de Compras<\/strong>.<\/p>\n\n\n\n<h6 class=\"wp-block-heading\">Carrinho de Compras<\/h6>\n\n\n\n<p>Voc\u00ea est\u00e1 no seu <strong>Carrinho de Compras<\/strong>. Aqui voc\u00ea obt\u00e9m diversas informa\u00e7\u00f5es sobre a sua compra:<br><strong>Quantidade:<\/strong> Quantas unidades de cada produto.<br><strong>Descri\u00e7\u00e3o:<\/strong> Qual produto voc\u00ea est\u00e1 comprando.<br><strong>Pre\u00e7o Unit\u00e1rio:<\/strong> Valor unit\u00e1rio do produto escolhido.<br><strong>Pre\u00e7o Total:<\/strong> Valor total dos produtos constantes no Carrinho de Compras. <br><strong>Remover: <\/strong>Clique no icone para retirar o item do Carrinho de Compras.<br><strong>Valor do Servi\u00e7o de Entrega:<\/strong> Para calcular o valor do Servi\u00e7o de Entrega, preencha o CEP da entrega no local indicado e clique em Ok!. Escolha a forma de entrega pretendida e automaticamente o valor do Servi\u00e7o de Entrega ser\u00e1 calculado e somado ao valor total do pedido. A cada novo item acrescido ao seu Carrinho de Compras voc\u00ea deve repetir este procedimento. Ap\u00f3s escolher seu(s) produto(s) e conferir todas as informa\u00e7\u00f5es do Carrinho de Compra, clique no bot\u00e3o <strong>Fechar Pedido<\/strong>. Voc\u00ea ir\u00e1 para a p\u00e1gina de <strong>Identifica\u00e7\u00e3o <\/strong>e <strong>Login<\/strong> na loja.<br><strong>Os Bot\u00f5es em Seu Carrinho de Compras:<\/strong> Utilize esse bot\u00e3o para voltar \u00e0 p\u00e1gina inicial de nossa loja e continuar suas compras. Repita esses passos para cada produto.  Se voc\u00ea quiser alterar a quantidade do(s) item(ns), digite a quantidade desejada e clique neste bot\u00e3o.Clique neste bot\u00e3o para finalizar sua compras.<\/p>\n\n\n\n<h6 class=\"wp-block-heading\">Identifica\u00e7\u00e3o e Login<\/h6>\n\n\n\n<p>Voc\u00ea est\u00e1 na p\u00e1gina de <strong>Identifica\u00e7\u00e3o<\/strong> e <strong>Login <\/strong>na loja. Se essa \u00e9 sua primeira compra em nossa loja, \u00e9 necess\u00e1rio realizar seu cadastro em nosso sistema, um procedimento f\u00e1cil e r\u00e1pido. Clique no bot\u00e3o <strong>Fazer Cadastro<\/strong> e o formul\u00e1rio de <strong>Cadastramento de Novo Cliente<\/strong> ser\u00e1 exibido. Fique tranq\u00fcilo pois nossa loja possui um sistema de criptografia de dados que garante o total sigilo de suas informa\u00e7\u00f5es seguindo nossa Pol\u00edtica de Seguran\u00e7a e Privacidade.<\/p>\n\n\n\n<p>Se voc\u00ea j\u00e1 \u00e9 cliente da nossa loja, preencha seu endere\u00e7o de e-mail no campo indicado e em seguida informe sua senha cadastrada no site. Ap\u00f3s confirmar todas as informa\u00e7\u00f5es digitadas, clique no bot\u00e3o <strong>Login na Loja<\/strong>. Voc\u00ea ir\u00e1 para a p\u00e1gina de <strong>Dados Para Entrega do Pedido<\/strong>.<\/p>\n\n\n\n<h6 class=\"wp-block-heading\">Dados Para Entrega do Pedido<\/h6>\n\n\n\n<p>Se voc\u00ea j\u00e1 \u00e9 cliente da nossa loja, selecione o endere\u00e7o de entrega do seu pedido e clique na caixa em <strong>Endere\u00e7o Para Entrega<\/strong> ou insira um novo endere\u00e7o e clique em Prosseguir. Todos os campos s\u00e3o de preenchimento obrigat\u00f3rio. Clique no bot\u00e3o <strong>Prosseguir <\/strong>para acessar a p\u00e1gina de <strong>Formas de Pagamento<\/strong>.<\/p>\n\n\n\n<h6 class=\"wp-block-heading\">Formas de Pagamento<\/h6>\n\n\n\n<p>Escolha uma das formas de pagamento dispon\u00edveis. Leia atentamente as informa\u00e7\u00f5es descritas em cada forma de pagamento. Ap\u00f3s fechar seu pedido, n\u00e3o ser\u00e1 poss\u00edvel qualquer altera\u00e7\u00e3o na forma de pagamento escolhida. Ap\u00f3s escolher a forma de pagamento, clique no bot\u00e3o <strong>Prosseguir<\/strong>.<\/p>\n\n\n\n<p>No caso de pagamento atrav\u00e9s de cart\u00f5es de cr\u00e9dito voc\u00ea ir\u00e1 acessar a p\u00e1gina da administradora do cart\u00e3o para finalizar o preenchimento dos dados do cart\u00e3o e depois ir\u00e1 acessar a p\u00e1gina de <strong>Finaliza\u00e7\u00e3o da Compra<\/strong>.<\/p>\n\n\n\n<p>No caso das outras formas de pagamento voc\u00ea ir\u00e1 acessar diretamente a p\u00e1gina de <strong>Finaliza\u00e7\u00e3o da Compra<\/strong>.<\/p>\n\n\n\n<h6 class=\"wp-block-heading\">Finaliza\u00e7\u00e3o da Compra<\/h6>\n\n\n\n<p>Est\u00e1 \u00e9 a \u00faltima p\u00e1gina do processo de compra onde s\u00e3o exibidos todos os dados do seu pedido e no caso de compras atrav\u00e9s de boleto banc\u00e1rio voc\u00ea poder\u00e1 fazer a impress\u00e3o do boleto clicando na imagem e bot\u00e3o que ir\u00e3o surgir.<\/p>\n\n\n\n<p>Voc\u00ea receber\u00e1 um e-mail no endere\u00e7o cadastrado em nossa loja com uma c\u00f3pia desta \u00faltima p\u00e1gina para que voc\u00ea possa guardar todas as informa\u00e7\u00f5es sobre o seu pedido.<\/p>\n\n\n\n<p>Para encerrar a compra, basta clicar no bot\u00e3o <strong>Finalizar Compra<\/strong> que aparece ao final da p\u00e1gina.Para informa\u00e7\u00f5es sobre qualquer outra d\u00favida sobre como comprar na Brazil Gallery Galeria de Arte, por favor <a href=\"http:\/\/bg1.com.br\/loja\/contato\/\">clique aqui<\/a> para nos enviar uma mensagem.<\/p>\n","protected":false},"excerpt":{"rendered":"<p>Saiba como fazer suas compras na&nbsp;Brazil Gallery&nbsp;Galeria de Arte Escolha do Produto Voc\u00ea pode navegar pela loja utilizando o Menu Lateral de se\u00e7\u00f5es. Voc\u00ea tamb\u00e9m pode utilizar a Busca para encontrar o produto desejado. Ap\u00f3s encontrar o produto, clique sobre ele para obter mais detalhes. Para colocar o produto em seu Carrinho de Compras, clique [&#8230;]\n","protected":false},"author":1,"featured_media":0,"parent":0,"menu_order":0,"comment_status":"closed","ping_status":"closed","template":"","meta":{"footnotes":""},"class_list":["post-280","page","type-page","status-publish","hentry"],"aioseo_notices":[],"_links":{"self":[{"href":"https:\/\/bg1.com.br\/loja\/wp-json\/wp\/v2\/pages\/280","targetHints":{"allow":["GET"]}}],"collection":[{"href":"https:\/\/bg1.com.br\/loja\/wp-json\/wp\/v2\/pages"}],"about":[{"href":"https:\/\/bg1.com.br\/loja\/wp-json\/wp\/v2\/types\/page"}],"author":[{"embeddable":true,"href":"https:\/\/bg1.com.br\/loja\/wp-json\/wp\/v2\/users\/1"}],"replies":[{"embeddable":true,"href":"https:\/\/bg1.com.br\/loja\/wp-json\/wp\/v2\/comments?post=280"}],"version-history":[{"count":6,"href":"https:\/\/bg1.com.br\/loja\/wp-json\/wp\/v2\/pages\/280\/revisions"}],"predecessor-version":[{"id":304,"href":"https:\/\/bg1.com.br\/loja\/wp-json\/wp\/v2\/pages\/280\/revisions\/304"}],"wp:attachment":[{"href":"https:\/\/bg1.com.br\/loja\/wp-json\/wp\/v2\/media?parent=280"}],"curies":[{"name":"wp","href":"https:\/\/api.w.org\/{rel}","templated":true}]}}