{"id":1241,"date":"2020-12-16T22:48:19","date_gmt":"2020-12-17T01:48:19","guid":{"rendered":"https:\/\/bg1.com.br\/loja\/?post_type=product&#038;p=1241"},"modified":"2020-12-16T22:48:41","modified_gmt":"2020-12-17T01:48:41","slug":"candido-oliveira-boulevard-madeleine","status":"publish","type":"product","link":"https:\/\/bg1.com.br\/loja\/produto\/candido-oliveira-boulevard-madeleine\/","title":{"rendered":"C\u00e2ndido Oliveira &#8211; Boulevard De La Madeleine &#8211; OST &#8211; 70 X 100 cm &#8211; Ano 2020 &#8211; CO-09"},"content":{"rendered":"<p>Artista: C\u00e2ndido Oliveira<br \/>\nT\u00edtulo: Boulevard De La Madeleine<br \/>\nT\u00e9cnica: \u00d3leo Sobre Tela<br \/>\nDimens\u00f5es: 70 X 100 cm<br \/>\nAno: 2020<\/p>\n<p><strong>Atmosferas de encanto!<\/strong><br \/>\nA arte \u00e9 uma manifesta\u00e7\u00e3o\u00a0 que se d\u00e1 em v\u00e1rias dimens\u00f5es. Uma delas est\u00e1 na capacidade t\u00e9cnica de um criador visual de comunicar sentimentos, valendo-se para isso de sua percep\u00e7\u00e3o da realidade, habilidade e sensibilidade. Nesse sentido, o pintor C\u00e2ndido Oliveira desenvolve uma cuidadosa linguagem.<\/p>\n<p>Pinceladas bem colocadas luz s\u00e3o caracter\u00edsticas de uma pintura que percorre diversos assuntos, em que se destacam os efeitos de luz de cenas rom\u00e2nticas de Paris e Veneza ou as paisagens rurais caracterizadas pelo trabalho acurado de alguns detalhes, como a poeira ao focalizar um conjunto de carros de bois ou o fluir da \u00e1gua ao instaurar imagens buc\u00f3licas.<\/p>\n<div class=\"show_more\"><p class=\"wpsm-show\" style=\"color: #cc0000; font-size: 100%; text-align: left;\"> ... Leia mais<\/p><div class=\"wpsm-content\">\n<div>O encantamento da obra do artista est\u00e1 na maneira como consegue lidar, ao mesmo tempo, com dois desafios: o do conjunto da obra, para criar a atmosfera desejada, e o dos detalhes, revelando como cada parte contribui decisivamente para a forma\u00e7\u00e3o de um todo harm\u00f4nico, em que o olhar atento do observador possa encontrar fasc\u00ednio.<\/div>\n<p>Boa parte do impacto das imagens do artista reside nessa busca permanente de uma renova\u00e7\u00e3o de imagens e de cuidado na constru\u00e7\u00e3o e no acabamento de seu trabalho para a constru\u00e7\u00e3o de atmosferas cada vez mais encantadoras, que gerem empatia no observador, levando-o a admirar a cena e o talento de quem a realizou pictoricamente.<\/p>\n<p>Oscar D\u2019Ambrosio \u00e9 graduado em Jornalismo pela USP, mestre em Artes Visuais pela UNESP e doutor e p\u00f3s-doutor em Educa\u00e7\u00e3o, Arte e Hist\u00f3ria da Cultura pela Universidade Mackenzie.<\/p>\n<div><\/div>\n<p><strong>Cronologia:<\/strong><br \/>\nAbril de 1992 &#8211; Exposi\u00e7\u00e3o Coletiva no Centro Permanente de Arte Prof\u00ba Jos\u00e9 Ismael;<br \/>\nOutubro de 1993 \u2013 Terceiro Sal\u00e3o de Artes pl\u00e1sticas de Santo Amaro (AASA);<br \/>\nNovembro de 1993 &#8211; Men\u00e7\u00e3o Honrosa no Sal\u00e3o de Guarulhos\/SP;<br \/>\nMar\u00e7o de 1994 \u2013 Exposi\u00e7\u00e3o Individual no Espa\u00e7o Cultural Brasilton no Hotel Brasilton Hilton de S\u00e3o Paulo;<br \/>\nAbril de 1994 &#8211; Associa\u00e7\u00e3o Comercial de Pinheiros\/SP e Sal\u00e3o de Cristais Paulistas\/SP;<br \/>\nMaio de 1994 \u2013 Exposi\u00e7\u00e3o Coletiva no Espa\u00e7o Cultural Brasilton no Hotel Brasilton Hilton de S\u00e3o Paulo;<br \/>\nJunho de 1994 &#8211; Pequena Medalha de Ouro no Sal\u00e3o de Mat\u00e3o\/SP;<br \/>\nJulho de 1994 \u2013 Exposi\u00e7\u00e3o Individual no Espa\u00e7o Cultural Mc Donald\u2019s;<br \/>\nAgosto de 1994 \u2013 5\u00ba Sal\u00e3o de Artes Pl\u00e1sticas de Cristais Paulista;<br \/>\nSetembro de 1994 \u2013 Medalha de Ouro 17\u00ba Sal\u00e3o de Belas Artes de Mat\u00e3o \u2013 SP (SOBAM);<br \/>\nNovembro de 1994 \u2013 Exposi\u00e7\u00e3o Coletiva no Centro Permanente de Artes Prof\u00ba Jos\u00e9 Ismael;<br \/>\nFevereiro de 1995 \u2013 Exposi\u00e7\u00e3o Individual no Hotel Brasilton Hilton de S\u00e3o Paulo;<br \/>\nJulho de 1995 \u2013 Pr\u00eamio Aquisi\u00e7\u00e3o 9\u00ba Sal\u00e3o de Artes Pl\u00e1sticas Francisco Cimino de Amparo;<br \/>\nOutubro de 1995 \u2013 Medalha de Bronze 4\u00ba Sal\u00e3o de Artes Pl\u00e1sticas de Santo Amaro;<br \/>\nNovembro de 2001, Medalha de Ouro Sal\u00e3o Paulista de Belas Artes \/SP;<br \/>\nJaneiro de 2002 \u2013 Grande Medalha de Ouro 53\u00ba Sal\u00e3o Paulista de Belas Artes;<br \/>\nMaio de 2002 \u2013 Grande Medalha de Prata 37\u00ba Sal\u00e3o de Maio Sociedade Brasileira de Belas Artes\/RJ;<br \/>\nMaio de 2002 \u2013 Men\u00e7\u00e3o Honrosa 52\u00ba Sal\u00e3o Oficial Sociedade de Belas Artes Antonio Parreiras de Juiz de Fora\/MG;<br \/>\nMaio de 2002 \u2013 Pr\u00eamio Aquisi\u00e7\u00e3o &#8211; Comando da Aeron\u00e1utica Base A\u00e9rea de S\u00e3o Paulo (BASP);<br \/>\nAgosto de 2002 \u2013 Medalha de Ouro Sal\u00e3o de Artes Visuais \u2013 Vinhedo\/SP;<br \/>\nMar\u00e7o de 2004 \u2013 Medalha de Prata 38\u00ba Sal\u00e3o de Artes Pl\u00e1sticas da Prefeitura Municipal de S\u00e3o Louren\u00e7o\/MG \u2013 Sociedade Elbiose Brasileira;<br \/>\nMaio de 2004 \u2013 Trof\u00e9u Sociedade Brasileira de Belas Artes 39\u00ba Sal\u00e3o de Maio Sociedade Brasileira de Belas Artes\/RJ;<br \/>\nJulho de 2004 \u2013 Medalha de Ouro 22\u00ba Sal\u00e3o de Artes Pl\u00e1sticas de Rio Claro\/SP (SAPLARC);<br \/>\nJulho de 2004 \u2013 Medalha de Ouro 52\u00ba Sal\u00e3o de Belas Artes de Piracicaba\/SP;<br \/>\nDe Junho a Julho de 2004 \u2013 Exposi\u00e7\u00e3o Individual no Espa\u00e7o Cultural Hotel Hilton de S\u00e3o Paulo;<br \/>\nJunho de 2005 \u2013 20\u00ba Sal\u00e3o de Artes Pl\u00e1sticas de Arceburgo\/MG.<br \/>\nMar\u00e7o de 2009 \u2013 Exposi\u00e7\u00e3o coletiva Clube Paineiras do Morumby em parceria com Bel Galeria de Arte.<br \/>\nNovembro de 2009 \u2013 Exposi\u00e7\u00e3o individual no Clube Paineiras do Morumby em parceria com a Bel Galeria de Arte.<\/p>\n <p class=\"wpsm-hide\" style=\"color: #cc0000; font-size: 100%; text-align: left;\"> ... Ler menos<\/p><\/div><\/div>\n","protected":false},"excerpt":{"rendered":"<p>Artista: C\u00e2ndido Oliveira T\u00edtulo: Boulevard De La Madeleine T\u00e9cnica: \u00d3leo Sobre Tela Dimens\u00f5es: 70 X 100 cm Ano: 2020 Atmosferas de encanto! A arte \u00e9 uma manifesta\u00e7\u00e3o\u00a0 que se d\u00e1 em v\u00e1rias dimens\u00f5es. Uma delas est\u00e1 na capacidade t\u00e9cnica de um criador visual de comunicar sentimentos, valendo-se para isso de sua percep\u00e7\u00e3o da realidade, habilidade [&#8230;]\n","protected":false},"featured_media":1242,"template":"","meta":[],"product_cat":[103],"product_tag":[100,104,99],"class_list":["post-1241","product","type-product","status-publish","has-post-thumbnail","hentry","product_cat-candido-oliveira","product_tag-brazil-gallery","product_tag-candido-oliveira","product_tag-galeria-de-arte"],"aioseo_notices":[],"_links":{"self":[{"href":"https:\/\/bg1.com.br\/loja\/wp-json\/wp\/v2\/product\/1241","targetHints":{"allow":["GET"]}}],"collection":[{"href":"https:\/\/bg1.com.br\/loja\/wp-json\/wp\/v2\/product"}],"about":[{"href":"https:\/\/bg1.com.br\/loja\/wp-json\/wp\/v2\/types\/product"}],"wp:featuredmedia":[{"embeddable":true,"href":"https:\/\/bg1.com.br\/loja\/wp-json\/wp\/v2\/media\/1242"}],"wp:attachment":[{"href":"https:\/\/bg1.com.br\/loja\/wp-json\/wp\/v2\/media?parent=1241"}],"wp:term":[{"taxonomy":"product_cat","embeddable":true,"href":"https:\/\/bg1.com.br\/loja\/wp-json\/wp\/v2\/product_cat?post=1241"},{"taxonomy":"product_tag","embeddable":true,"href":"https:\/\/bg1.com.br\/loja\/wp-json\/wp\/v2\/product_tag?post=1241"}],"curies":[{"name":"wp","href":"https:\/\/api.w.org\/{rel}","templated":true}]}}