{"id":1530,"date":"2023-09-26T11:19:01","date_gmt":"2023-09-26T14:19:01","guid":{"rendered":"https:\/\/bg1.com.br\/loja\/?post_type=product&#038;p=1530"},"modified":"2023-09-26T11:23:35","modified_gmt":"2023-09-26T14:23:35","slug":"elon-brasil-patrimonios-ost-100-x-250-cm-ref-eb-008","status":"publish","type":"product","link":"https:\/\/bg1.com.br\/loja\/produto\/elon-brasil-patrimonios-ost-100-x-250-cm-ref-eb-008\/","title":{"rendered":"\u00c9lon Brasil &#8211; Patrim\u00f4nios &#8211; OST &#8211; 100 X 250 cm &#8211; Ref: EB-008"},"content":{"rendered":"<p>Artista: \u00c9lon Brasil<br \/>\nT\u00edtulo: Patrim\u00f4nios<br \/>\nT\u00e9cnica: \u00d3leo Sobre Tela<br \/>\nDimens\u00f5es: 100 X 250 cm<\/p>\n<div class=\"show_more\"><p class=\"wpsm-show\" style=\"color: #cc0000; font-size: 100%; text-align: left;\"> ... Leia mais<\/p><div class=\"wpsm-content\">\n<p>\u00c9LON BRASIL<\/p>\n<p>Filho de baianos &#8211; m\u00e3e negra, neta de \u00edndios, e pai (o artista Milton Brasil), neto de imigrantes italianos e portugueses &#8211; \u00c9lon resgata em sua hist\u00f3ria e origem, a fonte de inspira\u00e7\u00e3o, nasceu em 1957, em Jurujuba, no Rio de Janeiro e, come\u00e7ou a rabiscar seus primeiros crayons aos seis anos. Aos 12 anos, ganhou seu primeiro pr\u00eamio: uma medalha de ouro na 2\u00aa Pinarte de Pinheiros, em S\u00e3o Paulo. Em 1970, junto com os artistas Aldemir Martins, Cl\u00f3vis Graciano e Carlos Scliar, ilustrou o livro de poesias &#8220;Cantando os Gols&#8221;, de Titto Battine. Nas suas telas, mais do que reproduzir com fidelidade as cores e tra\u00e7os ind\u00edgenas, o artista explora a textura, expressando em t\u00e9cnica mista a aspereza das peles pardas, discriminadas e sofridas dos povos amea\u00e7ados pela urbaniza\u00e7\u00e3o. Em 1983, ele morou com os \u00edndios Xavantes no Mato Grosso e fez contato com as tribos Tuparys, Yarunas e Tucanos em Rond\u00f4nia e no Amazonas. Vivia como eles, participando dos rituais de cren\u00e7a, da busca pelo alimento na mata e dos costumes mais r\u00fasticos. Depois, o artista foi para a \u00c1frica, onde teve as mesmas experi\u00eancias na procura do entendimento do misticismo. Hoje sua obra figurativa \u00e9 composta por figuras da terra: \u00edndios, negros e caboclos, sempre cercados por texturas e cores marcantes. O objetivo \u00e9 ressaltar e preservar a cultura brasileira e as suas ra\u00edzes, sem maiores discursos.<br \/>\nHoje, sua obra figurativa e abstrata \u00e9 composta por imagens da terra: \u00edndios, negros e caboclos, cercados por textura e cores marcantes. Sua tem\u00e1tica busca ressaltar e preservar a cultura brasileira e suas pr\u00f3prias ra\u00edzes.<br \/>\nAo morar na Su\u00ed\u00e7a por seis meses, obteve a oportunidade de expor o seu trabalho em diversas ocasi\u00f5es, tornando-se conhecido internacionalmente, principalmente com encomendas para colecionadores europeus.<\/p>\n<p>Possui obras nos seguintes acervos:<\/p>\n<p>Museums der Kulturen Basel o Basil\u00e9ia-Su\u00ed\u00e7a<br \/>\nMuseu da Imagem e do Som o S\u00e3o Paulo-SP<br \/>\nMuseu do Banco do Estado de S\u00e3o Paulo<br \/>\nMuseu de Arte de Londrina-PR<\/p>\n<p>\u00daltimas exposi\u00e7\u00f5es individuais:<\/p>\n<p>1993 &#8211; Banco Central o S\u00e3o Paulo-Brasil<br \/>\n1993 &#8211; Banco Central o S\u00e3o Paulo-Brasil<br \/>\n1993 &#8211; Museu da Cultura\/PUC o S\u00e3o Paulo-Brasil<br \/>\n1993 &#8211; Galeria Arcartes o Toronto-Canad\u00e1<br \/>\n1993 &#8211; Galeria Goetz o Basil\u00e9ia-Su\u00ed\u00e7a<br \/>\n1993 &#8211; Galeria ACBEU o Bahia-Brasil<br \/>\n1995 &#8211; Hotel Tropical o Bahia-Brasil<br \/>\n1995 &#8211; Galeria Goetz o Basil\u00e9ia-Su\u00ed\u00e7a<br \/>\n1995 &#8211; Golf Hotel o Berna-Su\u00ed\u00e7a<br \/>\n1996 &#8211; Banco SLK o Bruxelas-B\u00e9lgica<br \/>\n1997 &#8211; Museu de Etnologia o Basil\u00e9ia-Su\u00ed\u00e7a<br \/>\n1998 &#8211; Centro Hol\u00edstico de Educa\u00e7\u00e3o e Viv\u00eancia o S\u00e3o Paulo-Brasil<br \/>\n1998 &#8211; Espa\u00e7o Cultural Banespa o S\u00e3o Paulo-Brasil<br \/>\n1998 &#8211; Brasil 500 anos-MASP o S\u00e3o Paulo-Brasil<br \/>\n1998 &#8211; Galeria Carib\u00e9 o S\u00e3o Paulo-Brasil<br \/>\n1999 &#8211; Parque das Ru\u00ednas o Rio de Janeiro-Brasil<br \/>\n <p class=\"wpsm-hide\" style=\"color: #cc0000; font-size: 100%; text-align: left;\"> ... Ler menos<\/p><\/div><\/div>\n","protected":false},"excerpt":{"rendered":"<p>Artista: \u00c9lon Brasil T\u00edtulo: Patrim\u00f4nios T\u00e9cnica: \u00d3leo Sobre Tela Dimens\u00f5es: 100 X 250 cm<\/p>\n","protected":false},"featured_media":1531,"template":"","meta":[],"product_cat":[71],"product_tag":[100,99,101],"class_list":["post-1530","product","type-product","status-publish","has-post-thumbnail","hentry","product_cat-elon-brasil","product_tag-brazil-gallery","product_tag-galeria-de-arte","product_tag-obras-de-arte"],"aioseo_notices":[],"_links":{"self":[{"href":"https:\/\/bg1.com.br\/loja\/wp-json\/wp\/v2\/product\/1530","targetHints":{"allow":["GET"]}}],"collection":[{"href":"https:\/\/bg1.com.br\/loja\/wp-json\/wp\/v2\/product"}],"about":[{"href":"https:\/\/bg1.com.br\/loja\/wp-json\/wp\/v2\/types\/product"}],"wp:featuredmedia":[{"embeddable":true,"href":"https:\/\/bg1.com.br\/loja\/wp-json\/wp\/v2\/media\/1531"}],"wp:attachment":[{"href":"https:\/\/bg1.com.br\/loja\/wp-json\/wp\/v2\/media?parent=1530"}],"wp:term":[{"taxonomy":"product_cat","embeddable":true,"href":"https:\/\/bg1.com.br\/loja\/wp-json\/wp\/v2\/product_cat?post=1530"},{"taxonomy":"product_tag","embeddable":true,"href":"https:\/\/bg1.com.br\/loja\/wp-json\/wp\/v2\/product_tag?post=1530"}],"curies":[{"name":"wp","href":"https:\/\/api.w.org\/{rel}","templated":true}]}}