{"id":391,"date":"2020-08-10T22:56:27","date_gmt":"2020-08-11T01:56:27","guid":{"rendered":"http:\/\/bg1.com.br\/loja\/produto\/guerino-grosso-natureza-morta-laranjas-ost-70-x-120-cm-ref-gg-003\/"},"modified":"2020-12-07T17:13:35","modified_gmt":"2020-12-07T20:13:35","slug":"guerino-grosso-natureza-morta-laranjas-ost-70-x-120-cm-ref-gg-003","status":"publish","type":"product","link":"https:\/\/bg1.com.br\/loja\/produto\/guerino-grosso-natureza-morta-laranjas-ost-70-x-120-cm-ref-gg-003\/","title":{"rendered":"Guerino Grosso &#8211; Natureza Morta &#8211; Laranjas &#8211; OST &#8211; 70 X 120 cm &#8211; Ref: GG-003"},"content":{"rendered":"<p>Artista: Guerino Grosso<br \/>\nT\u00edtulo: Natureza Morta &#8211; Laranjas<br \/>\nT\u00e9cnica: \u00d3leo Sobre Tela<br \/>\nDimens\u00f5es: 70 X 120 cm<\/p>\n<div class=\"show_more\"><p class=\"wpsm-show\" style=\"color: #cc0000; font-size: 100%; text-align: left;\"> ... Leia mais<\/p><div class=\"wpsm-content\">\nGUERINO GROSSO<br \/>\n(28.04.1907 &#8211; Rio Claro-SP \/ 11.03.1988 &#8211; S\u00e3o Paulo-SP)<\/p>\n<p>Pintor e professor, nasceu em Rio Claro, no interior de S\u00e3o Paulo, viveu na capital, onde freq\u00fcentou a Escola de Belas Artes. A partir de 1917 estudou desenho e pintura com L\u00facia Machado e Igino Acquarone. Foi s\u00f3cio-fundador da Associa\u00e7\u00e3o Paulista de Belas Artes de S\u00e3o Paulo, onde atuou como professor e conselheiro,em 1942, quando participou do 8\u00ba Sal\u00e3o Paulista de Belas Artes, na Galeria Prestes Maia e recebeu men\u00e7\u00e3o honrosa. Nos anos posteriores participou 11 vezes deste Sal\u00e3o Paulista. Em 1968 recebeu o Trof\u00e9u Jo\u00e3o de Barro promovido pela Revista Laqui e, em 1974, o Trof\u00e9u Destaque do Ano, em Rio Claro. \u00daltimas mostras: Exp\u00f4s individualmente em 1986 na Galeria Coppelia e postumamente exp\u00f4s na 3\u00aa Mostra de Arte, na Funda\u00e7\u00e3o Instituto de Ensino para Osasco, em 1996.<\/p>\n<p>FORMA\u00c7\u00c3O<br \/>\ns.d. &#8211; S\u00e3o Paulo SP &#8211; Freq\u00fcenta a Escola de Belas Artes de S\u00e3o Paulo<br \/>\n1917 &#8211; Estuda Desenho e Pintura com L\u00facia Machado e Igino Acquarone<\/p>\n<p>ATIVIDADES EM ARTES VISUAIS<br \/>\nPintor<br \/>\ns.d. &#8211; S\u00e3o Paulo SP &#8211; Professor e Conselheiro da Associa\u00e7\u00e3o Paulista de Belas Artes<br \/>\n1942 &#8211; S\u00e3o Paulo SP &#8211; S\u00f3cio fundador da Associa\u00e7\u00e3o Paulista de Belas Artes<\/p>\n<p>EXPOSI\u00c7\u00d5ES INDIVIDUAIS<br \/>\n1986 &#8211; S\u00e3o Paulo SP &#8211; Individual, na Galeria Coppelia<\/p>\n<p>EXPOSI\u00c7\u00d5ES COLETIVAS<br \/>\ns.d. &#8211; S\u00e3o Paulo SP &#8211; Sal\u00e3o de Casabranca &#8211; grande medalha de prata<br \/>\n1942 &#8211; S\u00e3o Paulo SP &#8211; 8\u00ba Sal\u00e3o Paulista de Belas Artes, na Galeria Prestes Maia &#8211; men\u00e7\u00e3o honrosa<br \/>\n1943 &#8211; S\u00e3o Paulo SP &#8211; 9\u00ba Sal\u00e3o Paulista de Belas Artes, na Galeria Prestes Maia<br \/>\n1944 &#8211; S\u00e3o Paulo SP &#8211; 10\u00ba Sal\u00e3o Paulista de Belas Artes, na Galeria Prestes Maia<br \/>\n1947 &#8211; S\u00e3o Paulo SP &#8211; 13\u00ba Sal\u00e3o Paulista de Belas Artes, na Galeria Prestes Maia<br \/>\n1948 &#8211; S\u00e3o Paulo SP &#8211; 14\u00ba Sal\u00e3o Paulista de Belas Artes, na Galeria Prestes Maia<br \/>\n1949 &#8211; S\u00e3o Paulo SP &#8211; 15\u00ba Sal\u00e3o Paulista de Belas Artes, na Galeria Prestes Maia<br \/>\n1951 &#8211; S\u00e3o Paulo SP &#8211; 16\u00ba Sal\u00e3o Paulista de Belas Artes, na Galeria Prestes Maia<br \/>\n1952 &#8211; S\u00e3o Paulo SP &#8211; 17\u00ba Sal\u00e3o Paulista de Belas Artes, nos Sal\u00f5es do Trianon (Av. Paulista) &#8211; medalha de bronze<br \/>\n1953 &#8211; S\u00e3o Paulo SP &#8211; 18\u00ba Sal\u00e3o Paulista de Belas Artes, na Galeria Prestes Maia<br \/>\n1957 &#8211; Rio Claro SP &#8211; Sal\u00e3o de Belas Artes de Rio Claro &#8211; medalha de ouro<br \/>\n1967 &#8211; S\u00e3o Paulo SP &#8211; Sal\u00e3o Paulista de Belas Artes &#8211; pequena medalha de prata<br \/>\n1975 &#8211; S\u00e3o Paulo SP &#8211; Sal\u00e3o de Ver\u00e3o patrocinado pela C\u00e2mara Municipal de S\u00e3o Paulo &#8211; grande medalha de prata<br \/>\n1976 &#8211; S\u00e3o Paulo SP &#8211; Sal\u00e3o Paulista de Belas Artes &#8211; pr\u00eamio \u00b4Casa Michelangelo\u00b4<br \/>\n1976 &#8211; Rio Claro SP &#8211; 2\u00ba Sal\u00e3o Oficial de Rio Claro &#8211; grande medalha de prata<br \/>\n1978 &#8211; Minas Gerais MG &#8211; Sal\u00e3o de Minas Gerais &#8211; medalha de prata<br \/>\n1979 &#8211; Minas Gerais MG &#8211; Sal\u00e3o de Minas Gerais &#8211; medalha de ouro<br \/>\n1979 &#8211; Rio Claro SP &#8211; Sal\u00e3o de Belas Artes de Rio Claro &#8211; medalha de honra<br \/>\n1980 &#8211; S\u00e3o Paulo SP &#8211; Sal\u00e3o Paulista de Belas Artes &#8211; grande medalha de prata<\/p>\n<p>HOMENAGENS\/T\u00cdTULOS\/PR\u00caMIOS<br \/>\n1968 &#8211; Trof\u00e9u Jo\u00e3o de Barro promovido pela Revista Laqui<br \/>\n1974 &#8211; Rio Claro SP &#8211; Trof\u00e9u Destaque do Ano<\/p>\n<p>EXPOSI\u00c7\u00d5ES P\u00d3STUMAS<br \/>\n1996 &#8211; Osasco SP &#8211; 3\u00aa Mostra de Arte, no Funda\u00e7\u00e3o Instituto de Ensino para Osasco.<br \/>\n <p class=\"wpsm-hide\" style=\"color: #cc0000; font-size: 100%; text-align: left;\"> ... Ler menos<\/p><\/div><\/div>\n","protected":false},"excerpt":{"rendered":"<p>Artista: Guerino Grosso T\u00edtulo: Natureza Morta &#8211; Laranjas T\u00e9cnica: \u00d3leo Sobre Tela Dimens\u00f5es: 70 X 120 cm<\/p>\n","protected":false},"featured_media":392,"template":"","meta":[],"product_cat":[78],"product_tag":[],"class_list":["post-391","product","type-product","status-publish","has-post-thumbnail","hentry","product_cat-guerino-grosso"],"aioseo_notices":[],"_links":{"self":[{"href":"https:\/\/bg1.com.br\/loja\/wp-json\/wp\/v2\/product\/391","targetHints":{"allow":["GET"]}}],"collection":[{"href":"https:\/\/bg1.com.br\/loja\/wp-json\/wp\/v2\/product"}],"about":[{"href":"https:\/\/bg1.com.br\/loja\/wp-json\/wp\/v2\/types\/product"}],"wp:featuredmedia":[{"embeddable":true,"href":"https:\/\/bg1.com.br\/loja\/wp-json\/wp\/v2\/media\/392"}],"wp:attachment":[{"href":"https:\/\/bg1.com.br\/loja\/wp-json\/wp\/v2\/media?parent=391"}],"wp:term":[{"taxonomy":"product_cat","embeddable":true,"href":"https:\/\/bg1.com.br\/loja\/wp-json\/wp\/v2\/product_cat?post=391"},{"taxonomy":"product_tag","embeddable":true,"href":"https:\/\/bg1.com.br\/loja\/wp-json\/wp\/v2\/product_tag?post=391"}],"curies":[{"name":"wp","href":"https:\/\/api.w.org\/{rel}","templated":true}]}}