{"id":712,"date":"2020-08-10T23:05:40","date_gmt":"2020-08-11T02:05:40","guid":{"rendered":"http:\/\/bg1.com.br\/loja\/produto\/poteiro-antonio-girassois-e-vaso-ost-90-x-100-cm-ref-ap-035\/"},"modified":"2025-01-31T10:04:06","modified_gmt":"2025-01-31T13:04:06","slug":"poteiro-antonio-girassois-e-vaso-ost-90-x-100-cm-ref-ap-035","status":"publish","type":"product","link":"https:\/\/bg1.com.br\/loja\/produto\/poteiro-antonio-girassois-e-vaso-ost-90-x-100-cm-ref-ap-035\/","title":{"rendered":"Poteiro, Ant\u00f4nio &#8211; Girass\u00f3is e Vaso &#8211; OST &#8211; 90 X 100 cm &#8211; Ref: AP-035"},"content":{"rendered":"<p>Artista: Poteiro, Ant\u00f4nio<br \/>\nT\u00edtulo: Girass\u00f3is e Vaso<br \/>\nT\u00e9cnica: \u00d3leo Sobre Tela<br \/>\nDimens\u00f5es: 90\u00a0X 100 cm<\/p>\n<div class=\"show_more\"><p class=\"wpsm-show\" style=\"color: #cc0000; font-size: 100%; text-align: left;\"> ... Leia mais<\/p><div class=\"wpsm-content\">\nANTONIO POTEIRO (1925 \/ 2010)<\/p>\n<p>Biografia<\/p>\n<p>Antonio Batista de Souza (Aldeia de Santa Cristina da Pousa, Braga, Portugal 1925 &#8211; Goi\u00e2nia GO 2010). Escultor, pintor, ceramista. Imigra com a fam\u00edlia para S\u00e3o Paulo em 1926. Mais tarde, reside em Araguari e Uberl\u00e2ndia, em Minas Gerais, onde inicia a atividade de ceramista, realizando pe\u00e7as utilit\u00e1rias. Monta duas f\u00e1bricas de cer\u00e2mica, que v\u00e3o \u00e0 fal\u00eancia, e passa um longo per\u00edodo entre os \u00edndios na Ilha do Bananal, em Goi\u00e1s. Passa a residir em Goi\u00e2nia. Em 1957, adota o apelido de Antonio Poteiro por sugest\u00e3o da folclorista Regina Lacerda, que o orienta a assinar seus bonecos de barro. Gradualmente passa a apresentar, em suas obras, motivos regionais e temas b\u00edblicos. Em 1972, j\u00e1 como conhecido ceramista, \u00e9 estimulado a pintar por Siron Franco (1947) e Cleber Gouv\u00eaa (1942). Exp\u00f5e seus trabalhos em mostras no Brasil e no exterior. Leciona cer\u00e2mica no Centro de Atividades do Sesc e nas cidades de Hannover e D\u00fcsseldorf, na Alemanha. Em 1985, recebe o pr\u00eamio da Associa\u00e7\u00e3o Paulista dos Cr\u00edticos de Arte &#8211; APCA, na categoria escultura. Em 1997, \u00e9 homenageado com a Comenda da Ordem do M\u00e9rito Cultural, do Minist\u00e9rio da Cultura, Brasil.<\/p>\n<p>Coment\u00e1rio Cr\u00edtico<\/p>\n<p>Antonio Poteiro, ap\u00f3s fazer por algum tempo cer\u00e2mica utilit\u00e1ria, come\u00e7a a realizar pequenos bonecos de argila. Passa a dedicar-se tamb\u00e9m \u00e0 pintura, incentivado por Siron Franco (1947), e desenvolve gradualmente a habilidade de colorista. Como aponta o cr\u00edtico Ol\u00edvio Tavares de Ara\u00fajo, Poteiro mant\u00e9m um estilo coerente, tanto nos procedimentos formais que desenvolve como no uso personal\u00edssimo da cor. Seus temas s\u00e3o variados e abarcam desde a fauna do pantanal mato-grossense a assuntos de hist\u00f3ria religiosa, abordados de maneira original.<br \/>\nSuas telas e cer\u00e2micas s\u00e3o repletas de pequenas figuras de casas, animais, riachos, pessoas e detalhes ornamentais que preenchem todos os espa\u00e7os vazios, e s\u00e3o tratados com min\u00facia e acuidade t\u00e9cnica. Realiza uma s\u00e9rie abordando os 500 anos da Hist\u00f3ria do Brasil, na qual mant\u00e9m a vis\u00e3o pessoal e criativa dos temas, caracter\u00edstica de seus trabalhos.<\/p>\n<p>Nascimento\/Morte<br \/>\n1925 &#8211; Aldeia de Santa Cristina da Pousa, Braga (Portugal) &#8211; 10 de outubro<br \/>\n2010 &#8211; Goi\u00e2nia GO &#8211; 08 de junho<\/p>\n<p>Vida Familiar<\/p>\n<p>Filho do ceramista portugu\u00eas Am\u00e9rico Batista de Souza<\/p>\n<p>Forma\u00e7\u00e3o<\/p>\n<p>1964 &#8211; Come\u00e7a a fazer m\u00e1scaras e bonecos, incentivado pelo professor Antonio de Melo. \u00c9 orientado a assinar seus trabalhos pela folclorista Regina Lacerda, que o batiza com o apelido de Antonio Poteiro<br \/>\n1972 &#8211; Goi\u00e2nia GO &#8211; \u00c9 incentivado a pintar por Siron Franco e Cl\u00e9ber Gouvea<\/p>\n<p>Cronologia<\/p>\n<p>Escultor, pintor, ceramista<\/p>\n<p>1926 &#8211; S\u00e3o Paulo SP e Araguari MG &#8211; Inicia suas atividades de ceramista<br \/>\n1941 &#8211; Goi\u00e2nia GO &#8211; Trabalha na torrefa\u00e7\u00e3o de caf\u00e9, no conserto de tubula\u00e7\u00e3o de esgoto, como pedreiro e auxilia o pai no fabrico de potes cer\u00e2micos<br \/>\n1941 &#8211; Uberl\u00e2ndia MG &#8211; Estada tempor\u00e1ria<br \/>\nca.1945 &#8211; Araguari MG &#8211; Monta duas f\u00e1bricas de cer\u00e2mica, que v\u00eam a falir<br \/>\nca.1945 &#8211; Ilha do Bananal GO &#8211; Vive um ano e meio entre os \u00edndios<br \/>\n1955 &#8211; Ner\u00f3polis GO &#8211; Vive nessa cidade<br \/>\n1967 &#8211; Goi\u00e2nia GO &#8211; Vive nessa cidade<br \/>\n1976 &#8211; Participa do document\u00e1rio Artistas de Goi\u00e1s, produzido pela Goiastur<br \/>\n1978 &#8211; Rio de Janeiro RJ &#8211; Leciona cer\u00e2mica no Centro de Atividades do Sesc<br \/>\n1980 &#8211; Hannover e D\u00fcsseldorf (Alemanha) &#8211; Leciona cer\u00e2mica nas Feiras Internacionais<br \/>\n1983 &#8211; \u00c9 produzido o document\u00e1rio Ant\u00f4nio Poteiro: o Profeta do barro e das cores, dirigido por Ant\u00f4nio Eust\u00e1quio<br \/>\n1985 &#8211; Recebe o pr\u00eamio Associa\u00e7\u00e3o Paulista dos Cr\u00edticos de Arte, APCA 1984, na categoria escultura<br \/>\n1987 &#8211; Recebe a Comenda Ofiacialato da Ordem do M\u00e9rito, concedida pelo R\u00e9publica Portuguesa<br \/>\n1991 &#8211; \u00c9 produzido o document\u00e1rio Antonio Poteiro de Ronaldo Duque<br \/>\n1999 &#8211; Recebe a Medalha Gustavo Ritter, do Conselho Estadual de Cultura de Goi\u00e1s<\/p>\n<p>Exposi\u00e7\u00f5es Individuais<\/p>\n<p>1976 &#8211; Ouro Preto MG &#8211; Cer\u00e2mica e Pintura, na Galeria Faop<br \/>\n1978 &#8211; Cuiab\u00e1 MT &#8211; Cer\u00e2mica e Pintura, no Museu de Arte e Cultura Popular da UFMT<br \/>\n1980 &#8211; Goi\u00e2nia GO &#8211; Individual, na Casa Grande Galeria de Arte<br \/>\n1981 &#8211; Rio de Janeiro RJ &#8211; Individual, na Galeria Bonino<br \/>\n1982 &#8211; Bras\u00edlia DF &#8211; Individual, na Oscar Seraphico Galeria de Arte<br \/>\n1983 &#8211; Rio de Janeiro RJ &#8211; Individual, na Galeria Bonino<br \/>\n1984 &#8211; S\u00e3o Paulo SP &#8211; Individual, na Galeria de Arte S\u00e3o Paulo<br \/>\n1985 &#8211; Rio de Janeiro RJ &#8211; Individual, na Galeria Bonino<br \/>\n1985 &#8211; Guaiaquil (Equador) &#8211; Individuais, na Funda\u00e7\u00e3o Guayasamin<br \/>\n1985 &#8211; Quito (Equador) &#8211; Individuais, na Funda\u00e7\u00e3o Guayasamin<br \/>\n1985 &#8211; Cuenca (Equador) &#8211; Individuais, na Funda\u00e7\u00e3o Guayasamin<br \/>\n1986 &#8211; Estoril (Portugal) &#8211; Individual, na Galeria de Arte do Cassino<br \/>\n1986 &#8211; Washington (Estados Unidos) &#8211; Individual, no Brazilian-American Cultural Institute<br \/>\n1987 &#8211; Bras\u00edlia DF &#8211; Individual, na Embaixada de Portugal. Funda\u00e7\u00e3o Calouste Gulbenkian<br \/>\n1987 &#8211; Bras\u00edlia DF &#8211; Individual, na Performace Galeria de Arte<br \/>\n1987 &#8211; Estoril (Portugal) &#8211; Individual, na Galeria de Arte do Cassino<br \/>\n1987 &#8211; Rio de Janeiro RJ &#8211; Individual, na Varsailles Galeria de Arte<br \/>\n1988 &#8211; Rio de Janeiro RJ &#8211; Individual, na Galeria Bonino<br \/>\n1991 &#8211; Bras\u00edlia DF &#8211; Individual, Embaixada da Fran\u00e7a. Galeria Le Corbusier<br \/>\n1994 &#8211; S\u00e3o Paulo SP &#8211; Individual, na Galeria de Arte S\u00e3o Paulo<br \/>\n1996 &#8211; Belo Horizonte MG &#8211; Individual, na Manoel Macedo Escrit\u00f3rio de Arte<br \/>\n1996 &#8211; Goi\u00e2nia GO &#8211; Retrospectiva 33 Anos: Cer\u00e2mica e Pintura, na Funda\u00e7\u00e3o Jaime C\u00e2mara. Galeria Casa Grande<br \/>\n1997 &#8211; S\u00e3o Paulo SP &#8211; Individual, na Galeria Nara Roesler<br \/>\n2000 &#8211; Bras\u00edlia DF &#8211; 500 Anos do Brasil. por Antonio, o Brasileiro Poteiro, no Teatro Nacional Cl\u00e1udio Santoro<\/p>\n<p>Exposi\u00e7\u00f5es Coletivas<\/p>\n<p>1967 &#8211; Salvador BA &#8211; Cer\u00e2mica, no Museu de Salvador<br \/>\n1968 &#8211; Rio de Janeiro RJ &#8211; Cer\u00e2mica, no Museu de Arte Popular<br \/>\n1970 &#8211; Goi\u00e2nia GO &#8211; Museu Estadual Professor Zoroastro Artiaga<br \/>\n1972 &#8211; New Orleans (Estados Unidos) &#8211; Coletiva de Cer\u00e2mica, na Salom\u00e9 Gallery<br \/>\n1974 &#8211; Como (It\u00e1lia) &#8211; 1\u00aa Biennale Internazionale Na\u00eff<br \/>\n1974 &#8211; Goi\u00e2nia GO &#8211; 1\u00ba Sal\u00e3o Nacional de Artes Pl\u00e1sticas da Caixego &#8211; pr\u00eamio aquisi\u00e7\u00e3o<br \/>\n1975 &#8211; Goi\u00e2nia GO &#8211; 2\u00ba Sal\u00e3o Nacional de Artes Pl\u00e1sticas da Caixego &#8211; pr\u00eamio pintor goiano<br \/>\n1976 &#8211; Goi\u00e2nia GO &#8211; 3\u00ba Sal\u00e3o Nacional de Artes Pl\u00e1sticas da Caixego<br \/>\n1976 &#8211; Rio de Janeiro RJ &#8211; Arte Popular Brasileira\/Cole\u00e7\u00e3o Jacques de Benqu\u00e9, no MAM\/RJ<br \/>\n1976 &#8211; Santo Andr\u00e9 SP &#8211; 9\u00ba Sal\u00e3o de Arte Contempor\u00e2nea de Santo Andr\u00e9, no Pa\u00e7o Municipal<br \/>\n1976 &#8211; S\u00e3o Paulo SP &#8211; Bienal Nacional, na Funda\u00e7\u00e3o Bienal<br \/>\n1976 &#8211; Goi\u00e2nia GO &#8211; 1\u00ba Sal\u00e3o Empresarial de Artes Pl\u00e1sticas<br \/>\n1976 &#8211; S\u00e3o Paulo SP &#8211; Cer\u00e2mica do Sal\u00e3o do Sesi, no Sesi<br \/>\n1977 &#8211; Goi\u00e2nia GO &#8211; 4\u00ba Sal\u00e3o Nacional de Artes Pl\u00e1sticas da Caixego &#8211; Pr\u00eamio Funarte Melhor Artista do Planalto Central<br \/>\n1977 &#8211; Goi\u00e2nia GO &#8211; 4\u00ba Sal\u00e3o de Arte Frei Confaloni<br \/>\n1978 &#8211; Bras\u00edlia DF &#8211; Embaixada do M\u00e9xico<br \/>\n1978 &#8211; Cidade do M\u00e9xico (M\u00e9xico) &#8211; Quatro Artistas Goianos, no Instituto de Estudos Superiores<br \/>\n1978 &#8211; Cidade do M\u00e9xico (M\u00e9xico) &#8211; Quatro Artistas Goianos, na Casa de Cultura de Monterrey<br \/>\n1978 &#8211; Cidade do M\u00e9xico (M\u00e9xico) &#8211; Quatro Artistas Goianos, no Instituto Ateneu Fuentes de Saltillo<br \/>\n1978 &#8211; Cidade do M\u00e9xico (M\u00e9xico) &#8211; Quatro Artistas Goianos, na Casa de Cultura de Guanajuato<br \/>\n1978 &#8211; Cidade do M\u00e9xico (M\u00e9xico) &#8211; Quatro Artistas Goianos, no Instituto Nacional de Belas Artes<br \/>\n1978 &#8211; Rio de Janeiro RJ &#8211; Cer\u00e2mica e Pintura, no Centro de Atividades do Sesc<br \/>\n1978 &#8211; San Francisco (Estados Unidos) &#8211; Brazilian Na\u00eff Painters, na Na\u00efve Art Gallery<br \/>\n1978 &#8211; S\u00e3o Paulo SP &#8211; 1\u00aa Bienal Latino-Americana de S\u00e3o Paulo, na Funda\u00e7\u00e3o Bienal<br \/>\n1980 &#8211; Lombardia (It\u00e1lia) &#8211; 4\u00aa Biennale Internazionale Na\u00eff<br \/>\n1980 &#8211; Fiera (It\u00e1lia) &#8211; 4\u00aa Biennale Internazionale Na\u00eff<br \/>\n1980 &#8211; Ente (It\u00e1lia) &#8211; 4\u00aa Biennale Internazionale Na\u00eff<br \/>\n1980 &#8211; Estoril (Portugal) &#8211; Sal\u00e3o de Pintura Na\u00eff, na Galeria de Arte do Cassino Estoril<br \/>\n1980 &#8211; Filipinas &#8211; Coletiva, promovida pelo Minist\u00e9rio das Rela\u00e7\u00f5es Exteriores do Brasil<br \/>\n1980 &#8211; Rom\u00eania &#8211; Coletiva, promovida pelo Minist\u00e9rio das Rela\u00e7\u00f5es Exteriores do Brasil<br \/>\n1980 &#8211; Goi\u00e2nia GO &#8211; 9 Escultores, na Casa Grande Galeria de Arte<br \/>\n1980 &#8211; Hannover (Alemanha) &#8211; Coletiva, promovida pelo Minist\u00e9rio das Rela\u00e7\u00f5es Exteriores do Brasil<br \/>\n1980 &#8211; D\u00fcsseldorf (Alemanha) &#8211; Coletiva, promovida pelo Minist\u00e9rio das Rela\u00e7\u00f5es Exteriores do Brasil<br \/>\n1981 &#8211; S\u00e3o Paulo SP &#8211; 16\u00aa Bienal Internacional de S\u00e3o Paulo, na Funda\u00e7\u00e3o Bienal<br \/>\n1982 &#8211; Bauru SP &#8211; 80 Anos de Arte Brasileira<br \/>\n1982 &#8211; Belo Horizonte MG &#8211; 14\u00ba Sal\u00e3o Nacional de Arte de Belo Horizonte, no MAP &#8211; Grande Pr\u00eamio Prefeitura de Belo Horizonte<br \/>\n1982 &#8211; Mar\u00edlia SP &#8211; 80 Anos de Arte Brasileira<br \/>\n1982 &#8211; S\u00e3o Paulo SP &#8211; 80 Anos de Arte Brasileira, no MAB\/Faap<br \/>\n1983 &#8211; Belo Horizonte MG &#8211; 80 Anos de Arte Brasileira, na Funda\u00e7\u00e3o Cl\u00f3vis Salgado. Pal\u00e1cio das Artes<br \/>\n1983 &#8211; Campinas SP &#8211; 80 Anos de Arte Brasileira, no MACC<br \/>\n1983 &#8211; Curitiba PR &#8211; 80 Anos de Arte Brasileira, no MAC\/PR<br \/>\n1983 &#8211; Ribeir\u00e3o Preto SP &#8211; 80 Anos de Arte Brasileira<br \/>\n1983 &#8211; Santo Andr\u00e9 SP &#8211; 80 Anos de Arte Brasileira, na Prefeitura Municipal<br \/>\n1983 &#8211; S\u00e3o Paulo SP &#8211; 14\u00ba Panorama de Arte Atual Brasileira, no MAM\/SP<br \/>\n1984 &#8211; Fortaleza CE &#8211; 7\u00ba Sal\u00e3o Nacional de Artes Pl\u00e1sticas<br \/>\n1984 &#8211; Goi\u00e2nia GO &#8211; 2\u00ba Escultores de Goi\u00e2nia, no Itaugaleria<br \/>\n1984 &#8211; Rio de Janeiro RJ &#8211; 7\u00ba Sal\u00e3o Nacional de Artes Pl\u00e1sticas, no MAM\/RJ<br \/>\n1985 &#8211; Bras\u00edlia DF &#8211; Brasilidade e Independ\u00eancia, no Teatro Nacional Cl\u00e1udio Santoro<br \/>\n1985 &#8211; S\u00e3o Paulo SP &#8211; 16\u00ba Panorama de Arte Atual Brasileira, no MAM\/SP<br \/>\n1987 &#8211; Fran\u00e7a (Paris) &#8211; Br\u00e9sil, Art Populaire Contemporain, no Grand Palais<br \/>\n1987 &#8211; Rabat (Marrocos) &#8211; Br\u00e9sil-Na\u00effs, na Galeria B\u00e0b Rouah<br \/>\n1988 &#8211; Rio de Janeiro RJ &#8211; O Mundo Fascinante dos Pintores Naifs, no Pa\u00e7o Imperial<br \/>\n1988 &#8211; T\u00f3quio (Jap\u00e3o) &#8211; Exposi\u00e7\u00e3o de Pintura Primitiva Brasileira, no The Ginza Art Space<br \/>\n1990 &#8211; Bras\u00edlia DF &#8211; Pr\u00eamio Bras\u00edlia de Artes Pl\u00e1sticas, no MAB\/DF<br \/>\n1990 &#8211; S\u00e3o Paulo SP &#8211; Pintura, Presen\u00e7a e Povo na Arte Brasileira, no Museu da Casa Brasileira<br \/>\n1991 &#8211; S\u00e3o Paulo SP &#8211; 21\u00aa Bienal internacional de S\u00e3o Paulo, na Funda\u00e7\u00e3o Bienal<br \/>\n1992 &#8211; Belo Horizonte MG &#8211; A. Poteiro, Lorenzato, Rodeln\u00e9gio, na Manoel Macedo Galeria de Arte<br \/>\n1992 &#8211; Rio de Janeiro RJ &#8211; Viva o Povo Brasileiro, no MAM\/RJ<br \/>\n1992 &#8211; T\u00f3quio (Jap\u00e3o) &#8211; The Ginza Art Space<br \/>\n1993 &#8211; Goi\u00e2nia GO &#8211; 3\u00aa Bienal de Artes de Goi\u00e1s, no Museu de Arte Contempor\u00e2nea de Goi\u00e1s<br \/>\n1994 &#8211; Juiz de Fora MG ? Am\u00e9rica, na Universidade Federal de Juiz de Fora. Reitoria<br \/>\n1994 &#8211; Lisboa (Portugal) &#8211; Pintura Na\u00eff, na Universidade Cat\u00f3lica Portuguesa<br \/>\n1994 &#8211; Piracicaba SP &#8211; Bienal Brasileira de Arte Naif, no Sesc Piracicaba<br \/>\n1994 &#8211; S\u00e3o Paulo SP &#8211; Paisagens<br \/>\n1995 &#8211; Bras\u00edlia DF &#8211; Cole\u00e7\u00f5es de Bras\u00edlia, no Minist\u00e9rio das Rela\u00e7\u00f5es Exteriores. Pal\u00e1cio do Itamaraty<br \/>\n1995 &#8211; S\u00e3o Paulo SP &#8211; Filhos do Abaporu, na Arte do Brasil<br \/>\n1996 &#8211; Leverkusen (Alemanha) &#8211; Brasilianische Kunst der Gegenwart, na Bayer AG &#8211; Foyer Hochhaus W1<br \/>\n1996 &#8211; Dormagen (Alemanha) &#8211; Brasilianische Kunst der Gegenwart, na Bayer AG &#8211; Feierabendhaus<br \/>\n1996 &#8211; Piracicaba SP &#8211; 3\u00aa Bienal Naifs do Brasil, no Sesc Piracicaba<br \/>\n1996 &#8211; S\u00e3o Paulo SP &#8211; Arte Brasileira Contempor\u00e2nea, no MAM\/SP<br \/>\n1997 &#8211; Porto Alegre RS &#8211; Exposi\u00e7\u00e3o do Acervo da Caixa, no Conjunto Cultural da Caixa<br \/>\n1997 &#8211; Porto Alegre RS &#8211; Exposi\u00e7\u00e3o Paralela, no Museu da Caixa Econ\u00f4mica Federal<br \/>\n1997 &#8211; S\u00e3o Paulo SP &#8211; Exposi\u00e7\u00e3o do Acervo da Caixa, no Conjunto Cultural da Caixa<br \/>\n1998 &#8211; Catal\u00e3o GO &#8211; 60 Artistas nos 60 Anos do Jornal O Popular, no F\u00f3rum Municipal<br \/>\n1998 &#8211; Curitiba PR &#8211; Exposi\u00e7\u00e3o do Acervo da Caixa, no Conjunto Cultural da Caixa<br \/>\n1998 &#8211; Goi\u00e2nia GO &#8211; 60 Artistas nos 60 Anos do Jornal O Popular, na Funda\u00e7\u00e3o Jaime C\u00e2mara<br \/>\n1998 &#8211; Itumbiara GO &#8211; 60 Artistas nos 60 Anos do Jornal O Popular, na Casa de Cultura de Itumbiara<br \/>\n1998 &#8211; Rio de Janeiro RJ &#8211; 16\u00ba Sal\u00e3o Nacional de Artes Pl\u00e1sticas, no MAM\/RJ<br \/>\n1998 &#8211; Rio de Janeiro RJ &#8211; Exposi\u00e7\u00e3o do Acervo da Caixa, no Conjunto Cultural da Caixa<br \/>\n1998 &#8211; Rio Verde GO &#8211; 60 Artistas nos 60 Anos do Jornal O Popular, na Secretaria Municipal de Ci\u00eancias, Tecnologia e Cultura. Pal\u00e1cio da Intend\u00eancia<br \/>\n2000 &#8211; Rio de Janeiro RJ &#8211; Brasilidades, no Centro Cultural Light<br \/>\n2000 &#8211; S\u00e3o Paulo SP &#8211; Brasil + 500 Mostra do Redescobrimento, na Funda\u00e7\u00e3o Bienal<br \/>\n2000 &#8211; S\u00e3o Paulo SP &#8211; Cer\u00e2mica Brasileira: constru\u00e7\u00e3o de uma linguagem, no Centro Brasileiro Brit\u00e2nico<br \/>\n2001 &#8211; Bras\u00edlia DF &#8211; Forma-e-Cor como Luz nos Na\u00effs, na Galeria Ita\u00fa Cutural<br \/>\n2001 &#8211; Pen\u00e1polis SP &#8211; Forma-e-Cor como Luz nos Na\u00effs, na Galeria Ita\u00fa Cutural<br \/>\n2002 &#8211; Piracicaba SP &#8211; 6\u00aa Bienal Naifs do Brasil, no Sesc Piracicaba<br \/>\n2002 &#8211; S\u00e3o Paulo SP &#8211; Pop Brasil: a arte popular e o popular na arte, no CCBB<br \/>\n2003 &#8211; Porto Alegre RS &#8211; Humanidades, na Galeria Tina Zappoli<br \/>\n2003 &#8211; Rio de Janeiro RJ &#8211; Projeto Brazilianart, no Almac\u00e9n Galeria de Arte<br \/>\n2003 &#8211; Rio de Janeiro RJ &#8211; Tesouros da Caixa: arte moderna brasileira no acervo da Caixa, no Conjunto Cultural da Caixa<br \/>\n2003 &#8211; S\u00e3o Paulo SP &#8211; Papel e Tridimensional, na Arvani Arte<br \/>\n2004 &#8211; S\u00e3o Paulo SP &#8211; Coletiva de Artistas Contempor\u00e2neos, no Esporte Clube S\u00edrio<\/p>\n<p>fonte: http:\/\/www.itaucultural.org.br<br \/>\n <p class=\"wpsm-hide\" style=\"color: #cc0000; font-size: 100%; text-align: left;\"> ... Ler menos<\/p><\/div><\/div>\n","protected":false},"excerpt":{"rendered":"<p style=\"text-align: center; padding-top: 15px;\"><img loading=\"lazy\" decoding=\"async\" class=\"aligncenter size-full wp-image-1409\" src=\"https:\/\/bg1.com.br\/loja\/wp-content\/uploads\/2020\/08\/bg1-brazil-gallery-selo-autenticidade-instituto-antonio-poteiro.png\" alt=\"\" width=\"142\" height=\"142\" \/><br \/>\nEsta obra vem acompanhada do<br \/>certificado de autenticidade do<br \/>Instituto Ant\u00f4nio Poteiro.<\/p>\n","protected":false},"featured_media":713,"template":"","meta":[],"product_cat":[73],"product_tag":[96,100,99,101],"class_list":["post-712","product","type-product","status-publish","has-post-thumbnail","hentry","product_cat-poteiro-antonio","product_tag-antonio-poteiro","product_tag-brazil-gallery","product_tag-galeria-de-arte","product_tag-obras-de-arte"],"aioseo_notices":[],"_links":{"self":[{"href":"https:\/\/bg1.com.br\/loja\/wp-json\/wp\/v2\/product\/712","targetHints":{"allow":["GET"]}}],"collection":[{"href":"https:\/\/bg1.com.br\/loja\/wp-json\/wp\/v2\/product"}],"about":[{"href":"https:\/\/bg1.com.br\/loja\/wp-json\/wp\/v2\/types\/product"}],"wp:featuredmedia":[{"embeddable":true,"href":"https:\/\/bg1.com.br\/loja\/wp-json\/wp\/v2\/media\/713"}],"wp:attachment":[{"href":"https:\/\/bg1.com.br\/loja\/wp-json\/wp\/v2\/media?parent=712"}],"wp:term":[{"taxonomy":"product_cat","embeddable":true,"href":"https:\/\/bg1.com.br\/loja\/wp-json\/wp\/v2\/product_cat?post=712"},{"taxonomy":"product_tag","embeddable":true,"href":"https:\/\/bg1.com.br\/loja\/wp-json\/wp\/v2\/product_tag?post=712"}],"curies":[{"name":"wp","href":"https:\/\/api.w.org\/{rel}","templated":true}]}}