{"id":734,"date":"2020-08-10T23:06:04","date_gmt":"2020-08-11T02:06:04","guid":{"rendered":"http:\/\/bg1.com.br\/loja\/produto\/cencin-vincenzo-paraty-ost-50-x-100-cm-ref-vc-004\/"},"modified":"2020-12-07T17:13:59","modified_gmt":"2020-12-07T20:13:59","slug":"cencin-vincenzo-paraty-ost-50-x-100-cm-ref-vc-004","status":"publish","type":"product","link":"https:\/\/bg1.com.br\/loja\/produto\/cencin-vincenzo-paraty-ost-50-x-100-cm-ref-vc-004\/","title":{"rendered":"Cencin, Vincenzo &#8211; Paraty &#8211; OST &#8211; 50 X 100 cm &#8211; Ref: VC-004"},"content":{"rendered":"<p>Artista: Vincenzo Cencin<br \/>\nT\u00edtulo: Paraty<br \/>\nT\u00e9cnica: \u00d3leo Sobre Tela<br \/>\nDimens\u00f5es: 50 X 100\u00a0cm<\/p>\n<div class=\"show_more\"><p class=\"wpsm-show\" style=\"color: #cc0000; font-size: 100%; text-align: left;\"> ... Leia mais<\/p><div class=\"wpsm-content\">\n<p>VINCENZO CENCIN<\/p>\n<p>Vincenzo Cencin (Veneza, It\u00e1lia, 13 de maio de 1925).<br \/>\nPintor e engenheiro. Forma-se engenheiro eletro-mec\u00e2nico na It\u00e1lia.<br \/>\nInicia-se na pintura sob a orienta\u00e7\u00e3o de Francescchini em 1941 na cidade de Tolmezzo. Durante a Segunda Guerra Mundial enfrenta os fascistas e \u00e9 preso por alem\u00e3es, ficando um ano e meio em um campo de concentra\u00e7\u00e3o. Terminada a guerra emigra para o Brasil, fixando resid\u00eancia em S\u00e3o Paulo em 1949. No Brasil, torna-se s\u00f3cio efetivo da Academia de Belas Artes do Rio de Janeiro. Nos anos 50, 60 e 70, sem abandonar a pintura, trabalha como engenheiro eletr\u00f4nico numa ind\u00fastria de eletrodom\u00e9sticos de S\u00e3o Paulo. Em 1980 aposenta-se para dedicar-se somente \u00e0 pintura, montando em 1981 a Galeria Velha Europa. Em 1992 realiza-se exposi\u00e7\u00e3o comemorativa dos 50 anos de sua pintura na Galeria Grossman em S\u00e3o Paulo.<\/p>\n<p>Cronologia<\/p>\n<p>1941 &#8211; Tolmezzo (It\u00e1lia) &#8211; Aos 16 anos, de idade Cencin faz o seu primeiro quadro<br \/>\n1943 &#8211; Vincenza (It\u00e1lia) &#8211; Aos 18 anos foi preso pelo ex\u00e9rcito alem\u00e3o, permanecendo um ano e meio como prisioneiro num campo de concentra\u00e7\u00e3o<br \/>\n1949 &#8211; Brasil &#8211; Vem como imigrante<br \/>\nca.1949 &#8211; Brasil &#8211; Trabalha como engenheiro eletr\u00f4nico numa grande empresa brasileira, conquistando altos postos da administra\u00e7\u00e3o<br \/>\nca.1949 &#8211; Rio de Janeiro RJ &#8211; Torna-se s\u00f3cio efetivo da Academia de Belas Artes<br \/>\n1981 &#8211; Brasil &#8211; Inaugura a Galeria Velha Europa<br \/>\n1983 &#8211; Recebe o diploma Gente de Destaque da Globoarte<br \/>\n1998 &#8211; Araraquara SP &#8211; Participa do j\u00fari do 12\u00ba Sal\u00e3o de Artes Pl\u00e1sticas de Araraquara, na Casa de Cultura Luiz Antonio Martinez Corr\u00eaa<br \/>\n1999 &#8211; Araraquara SP &#8211; Participa do j\u00fari do 13\u00ba Sal\u00e3o de Artes Pl\u00e1sticas de Araraquara, na Casa de Cultura Luiz Antonio Martinez Corr\u00eaa<\/p>\n<p>Exposi\u00e7\u00f5es Individuais<\/p>\n<p>1981 &#8211; S\u00e3o Paulo SP &#8211; Individual, na Galeria Rep\u00fablica das Artes<br \/>\n1982 &#8211; S\u00e3o Paulo SP &#8211; Individual, na Churrascaria Rodeio<br \/>\n1983 &#8211; Ribeir\u00e3o Preto SP &#8211; Individual, na Galeria Studio das Artes<br \/>\n1983 &#8211; Rio de Janeiro RJ &#8211; Individual, na Galeria Borghese<br \/>\n1984 &#8211; S\u00e3o Paulo SP &#8211; Individual, na Galeria Ranulpho<br \/>\n1985 &#8211; S\u00e3o Lu\u00eds MA &#8211; Individual, no Espa\u00e7o Cultural da Caixa Econ\u00f4mica Federal<br \/>\n1986 &#8211; Fortaleza CE &#8211; Individual, na Galeria Dualibe<br \/>\n1986 &#8211; Rio de Janeiro RJ &#8211; Individual, na Galeria Paulo Brame<br \/>\n1986 &#8211; Tampa, Fl\u00f3rida (Estados Unidos) &#8211; Individual, na Galeria de Exposi\u00e7\u00f5es de Tampa Fl\u00f3rida<br \/>\n1987 &#8211; Rio de Janeiro RJ &#8211; Retrospectiva na A\u00e7\u00e3o Comunit\u00e1ria, no Banco Chase Manhattan<br \/>\n1988 &#8211; Rio de Janeiro RJ &#8211; Individual, na Galeria Borghese<br \/>\n1989 &#8211; Rio de Janeiro RJ &#8211; Individual, na Galeria Paulo Bram<br \/>\n1990 &#8211; Blumenau SC &#8211; Individual, na Galeria A\u00e7u-A\u00e7u<br \/>\n1992 &#8211; S\u00e3o Paulo SP &#8211; Individual, na Galeria Rep\u00fablica das Artes<br \/>\n1992 &#8211; S\u00e3o Paulo SP &#8211; Comemorativa 50 anos de Pintura, na Galeria Grossman<br \/>\n1993 &#8211; Brusque SC &#8211; Individual, na Galeria NR<br \/>\n1994 &#8211; Rio de Janeiro RJ &#8211; Individual, na Galeria de Borghese<br \/>\n1999 &#8211; S\u00e3o Paulo SP &#8211; Individual, na Academia Brasileira de Arte , Cultura e Hist\u00f3ria<br \/>\n1999 &#8211; S\u00e3o Paulo SP &#8211; Individual, na Galeria de Arte Val Santinho<br \/>\n2000 &#8211; Blumenau SC &#8211; Individual, no Espa\u00e7o Belas Artes<br \/>\n2001 &#8211; Curitiba PR &#8211; Individual, na Nini Barontini Galeria<br \/>\n2002 &#8211; Joinville SC &#8211; Individual, no Espa\u00e7o Cultural Leonardo da Vinci<\/p>\n<p>Exposi\u00e7\u00f5es Coletivas<\/p>\n<p>s.d. &#8211; s.l. &#8211; 6\u00ba Sal\u00e3o de Artes Pl\u00e1sticas Alberto Santos Dumont &#8211; pequena medalha de prata<br \/>\n1978 &#8211; Araras SP &#8211; 4\u00ba Sal\u00e3o Araraense de Artes Pl\u00e1sticas &#8211; diploma de honra<br \/>\n1981 &#8211; Rio Claro SP &#8211; 1\u00ba Sal\u00e3o de Artes Visuais de Rio Claro<br \/>\n1982 &#8211; S\u00e3o Paulo SP &#8211; 1\u00ba Sal\u00e3o Nacional de Artes Pl\u00e1sticas Jean Baptiste Debret &#8211; grande medalha de ouro &#8211; grande trof\u00e9u<br \/>\n1982 &#8211; S\u00e3o Paulo SP &#8211; 2\u00ba Sal\u00e3o Nacional de Artes Pl\u00e1sticas Brigadeiro Eduardo Gomes &#8211; grande medalha de prata<br \/>\nca.1982 &#8211; S\u00e3o Paulo SP &#8211; 2\u00ba Sal\u00e3o Nacional de Artes Pl\u00e1sticas Pablo Picasso &#8211; grande medalha de ouro<br \/>\n1983 &#8211; S\u00e3o Paulo SP &#8211; 1\u00ba Sal\u00e3o da Associa\u00e7\u00e3o Internacional de Artes Pl\u00e1sticas &#8211; medalha de ouro<br \/>\n1983 &#8211; S\u00e3o Paulo SP &#8211; 2\u00ba Sal\u00e3o Nacional de Artes Pl\u00e1sticas Jean Baptiste Debret &#8211; grande medalha de ouro &#8211; grande trof\u00e9u<br \/>\nca.1983 &#8211; Salvador BA &#8211; 1\u00ba Sal\u00e3o de Artes Pl\u00e1sticas Nacional Genaro de Carvalho &#8211; medalha de ouro<br \/>\n1985 &#8211; S\u00e3o Paulo SP &#8211; 3\u00ba Sal\u00e3o Oficial de Artes Pl\u00e1sticas, na Academia Paulista de Belas Artes &#8211; pr\u00eamio aquisi\u00e7\u00e3o, medalha de ouro e grande medalha de prata<br \/>\n1986 &#8211; S\u00e3o Paulo SP &#8211; 4\u00ba Sal\u00e3o Oficial de Artes Pl\u00e1sticas, na Academia Paulista de Belas Artes &#8211; pr\u00eamio aquisi\u00e7\u00e3o, medalha de ouro e grande medalha de prata<br \/>\n1986 &#8211; S\u00e3o Paulo SP &#8211; Artistas e Futebol, na Galeria Grossman<br \/>\n1987 &#8211; S\u00e3o Paulo SP &#8211; Quadros Redondos, na Galeria Grossman<br \/>\n1990 &#8211; S\u00e3o Paulo SP &#8211; Marinhas Brasileiras, na Galeria Andr\u00e9<br \/>\n1993 &#8211; Recife PE &#8211; 7\u00aa Coletiva de Ver\u00e3o, na Galeria de Arte Ranulpho<br \/>\n1997 &#8211; S\u00e3o Paulo SP &#8211; Sociarte, no Club Athl\u00e9tico Monte L\u00edbano<br \/>\n1997 &#8211; S\u00e3o Paulo SP &#8211; Vis\u00f5es do Brasil, na Casa de Minas<br \/>\n1998 &#8211; S\u00e3o Paulo SP &#8211; Paisagens, na Galeria de Arte Andr\u00e9<br \/>\n1998 &#8211; S\u00e3o Paulo SP &#8211; Sociarte, no Club Athl\u00e9tico Monte L\u00edbano<br \/>\n1999 &#8211; S\u00e3o Paulo SP &#8211; Coletiva, na Academia Brasileira de Arte, Cultura e Hist\u00f3ria<br \/>\n1999 &#8211; S\u00e3o Paulo SP &#8211; Sociarte, no Club Athl\u00e9tico Monte L\u00edbano<br \/>\n2000 &#8211; Belo Horizonte MG &#8211; Coletiva, na Galeria Rembrandt<br \/>\n2000 &#8211; S\u00e3o Paulo SP &#8211; Coletiva, na Galeria Andr\u00e9<br \/>\n2000 &#8211; S\u00e3o Paulo SP &#8211; Sociarte, no Club Athl\u00e9tico Monte L\u00edbano<br \/>\n2001 &#8211; S\u00e3o Paulo SP &#8211; Coletiva, no Espa\u00e7o Arte M. Mizrahi<br \/>\n2001 &#8211; S\u00e3o Paulo SP &#8211; Sociarte, no Club Athl\u00e9tico Monte L\u00edbano<br \/>\n2002 &#8211; S\u00e3o Paulo SP &#8211; Coletiva, na Chapel Art Show<br \/>\n2002 &#8211; S\u00e3o Paulo SP &#8211; Coletiva, no Espa\u00e7o Arte M.Mizrahi<br \/>\n2002 &#8211; S\u00e3o Paulo SP &#8211; Paisagens do Imagin\u00e1rio, na Nova Andr\u00e9 Galeria<br \/>\n2002 &#8211; S\u00e3o Paulo SP &#8211; Sociarte, no Club Athl\u00e9tico Monte L\u00edbano<\/p>\n<p>Acervos<\/p>\n<p>Academia Paulista de Belas Artes de S\u00e3o Paulo &#8211; S\u00e3o Paulo SP<br \/>\nAcervo do Banco Cidade &#8211; S\u00e3o Paulo SP<br \/>\nBank of New York &#8211; Nova York (Estados Unidos)<br \/>\nMuseo del Prado &#8211; Madri (Espanha)<br \/>\nMuseu Nacional de Belas Artes do Rio de Janeiro &#8211; MNBA &#8211; Rio de Janeiro RJ<br \/>\nMuseu Naval Militar de Buenos Aires &#8211; Buenos Aires (Argentina)<br \/>\nPal\u00e1cio de Escalada de San Mart\u00edn &#8211; Buenos Aires (Argentina)<br \/>\nBrazil Gallery Galeria de Arte<br \/>\n <p class=\"wpsm-hide\" style=\"color: #cc0000; font-size: 100%; text-align: left;\"> ... Ler menos<\/p><\/div><\/div>\n","protected":false},"excerpt":{"rendered":"<p>Artista: Vincenzo Cencin T\u00edtulo: Paraty T\u00e9cnica: \u00d3leo Sobre Tela Dimens\u00f5es: 50 X 100\u00a0cm<\/p>\n","protected":false},"featured_media":735,"template":"","meta":[],"product_cat":[70],"product_tag":[100,99,101],"class_list":["post-734","product","type-product","status-publish","has-post-thumbnail","hentry","product_cat-cencin-vincenzo","product_tag-brazil-gallery","product_tag-galeria-de-arte","product_tag-obras-de-arte"],"aioseo_notices":[],"_links":{"self":[{"href":"https:\/\/bg1.com.br\/loja\/wp-json\/wp\/v2\/product\/734","targetHints":{"allow":["GET"]}}],"collection":[{"href":"https:\/\/bg1.com.br\/loja\/wp-json\/wp\/v2\/product"}],"about":[{"href":"https:\/\/bg1.com.br\/loja\/wp-json\/wp\/v2\/types\/product"}],"wp:featuredmedia":[{"embeddable":true,"href":"https:\/\/bg1.com.br\/loja\/wp-json\/wp\/v2\/media\/735"}],"wp:attachment":[{"href":"https:\/\/bg1.com.br\/loja\/wp-json\/wp\/v2\/media?parent=734"}],"wp:term":[{"taxonomy":"product_cat","embeddable":true,"href":"https:\/\/bg1.com.br\/loja\/wp-json\/wp\/v2\/product_cat?post=734"},{"taxonomy":"product_tag","embeddable":true,"href":"https:\/\/bg1.com.br\/loja\/wp-json\/wp\/v2\/product_tag?post=734"}],"curies":[{"name":"wp","href":"https:\/\/api.w.org\/{rel}","templated":true}]}}