{"id":740,"date":"2020-08-10T23:06:04","date_gmt":"2020-08-11T02:06:04","guid":{"rendered":"http:\/\/bg1.com.br\/loja\/produto\/martins-de-porangaba-noite-estrelada-tempera-sobre-tela-40-x-50-cm-data-1983-ref-mp-001\/"},"modified":"2023-10-16T18:48:24","modified_gmt":"2023-10-16T21:48:24","slug":"martins-de-porangaba-noite-estrelada-tempera-sobre-tela-40-x-50-cm-data-1983-ref-mp-001","status":"publish","type":"product","link":"https:\/\/bg1.com.br\/loja\/produto\/martins-de-porangaba-noite-estrelada-tempera-sobre-tela-40-x-50-cm-data-1983-ref-mp-001\/","title":{"rendered":"Martins de Porangaba &#8211; Noite Estrelada &#8211; T\u00eampera Sobre Tela &#8211; 40 X 50 cm &#8211; Data: 1983 &#8211; Ref: MP-001"},"content":{"rendered":"<p>Artista: Martins de Porangaba<br \/>\nT\u00edtulo: Noite Estrelada<br \/>\nT\u00e9cnica: T\u00eampera Sobre Tela<br \/>\nDimens\u00f5es: 40 X 50 cm<br \/>\nData: 1983<\/p>\n<div class=\"show_more\"><p class=\"wpsm-show\" style=\"color: #cc0000; font-size: 100%; text-align: left;\"> ... Leia mais<\/p><div class=\"wpsm-content\">\nMartins de Porangaba (Porangaba SP 1944)<\/p>\n<p>Pintor, desenhista, gravador e professor.<\/p>\n<p>Jos\u00e9 Carlos de Porangaba Martins fixou resid\u00eancia em S\u00e3o Paulo, cursou desenho, pintura e modelo vivo na Associa\u00e7\u00e3o Paulista de Belas Artes, entre 1967 e 1970. Na d\u00e9cada de 70, estuda gravura com Paulo Mentem e modelagem com Olinda Dalma; e funda o Atelier J. Martins, em 1972. Em 1980, leciona pintura na Escola Panamericana de Artes.<\/p>\n<p>Cr\u00edticas<\/p>\n<p>&#8220;A estrutura fragment\u00e1ria da obra de M\u00e1rio de Andrade encontra paralelo na composi\u00e7\u00e3o livre e entrecortada que Martins de Porangaba utilizou em sua s\u00e9rie denominada, convencionalmente, em seu conjunto, de MACUNA\u00cdMA. Nela os planos se entrela\u00e7am e casas, \u00e1rvores, lua, sol, p\u00e1ssaros, pessoas, ambientes interiores e exteriores, peixes, s\u00e3o dispostos de forma aparentemente aleat\u00f3ria, mas cuidadosamente organizados do ponto de vista composicional e pl\u00e1stico. As imagens assumem formas simb\u00f3licas. Com elas Porangaba nos remete a profundos estados po\u00e9ticos e resgata conosco o clima de uma inf\u00e2ncia que parecia t\u00e3o distante. O sonho n\u00e3o acabou. (&#8230;) Uma an\u00e1lise global da obra de Martins de Porangaba nos leva a concluir, todavia, que ele n\u00e3o \u00e9 apenas um pintor de figuras humanas, de animais, coisas, paisagens, de Macuna\u00edma, do circo. Ele \u00e9 um pintor da aventura do homem na terra. Pessoas, animais, coisas, a natureza, o sonho, a fantasia, s\u00e3o partes desta grande aventura&#8221;.<br \/>\nEnock Sacramento<br \/>\nMARTINS de Porangaba: 25 anos de pintura. Textos de Jacob Klintowitz, Enock Sacramento e Walmir Ayala. S\u00e3o Paulo: Yutaka Sanematsu Escrit\u00f3rio de Arte, 1988.<\/p>\n<p>Exposi\u00e7\u00f5es Individuais<\/p>\n<p>1976 &#8211; S\u00e3o Paulo SP &#8211; Individual, na Livraria Brasiliense<br \/>\n1979 &#8211; S\u00e3o Paulo SP &#8211; Individual, na Livraria Kairoz<br \/>\n1981 &#8211; Santo Andr\u00e9 SP &#8211; Individual, no Centro C\u00edvico<br \/>\n1981 &#8211; S\u00e3o Paulo SP &#8211; Individual, no Espa\u00e7o Cultural Sanbra<br \/>\n1981 &#8211; S\u00e3o Paulo SP &#8211; Martins: pinturas, na Galeria Cultura<br \/>\n1982 &#8211; Campinas SP &#8211; Individual, no MACC<br \/>\n1982 &#8211; Rio de Janeiro RJ &#8211; Individual, na Galeria Macuna\u00edma\/Funarte<br \/>\n1982 &#8211; S\u00e3o Paulo SP &#8211; Individual, na Galeria Paulo Prado<br \/>\n1982 &#8211; S\u00e3o Paulo SP &#8211; Individual, no Espa\u00e7o Cultural Sanbra<br \/>\n1983 &#8211; Washington (Estados Unidos) &#8211; Individual, no Brazilian-American Cultural Institute<br \/>\n1984 &#8211; S\u00e3o Paulo SP &#8211; Individual, na Galeria Tema Arte Contempor\u00e2nea<br \/>\n1985 &#8211; S\u00e3o Paulo SP &#8211; Individual, na Galeria Paulo Prado<br \/>\n1986 &#8211; Bras\u00edlia DF &#8211; Individual, na Galeria Oscar Seraphico<br \/>\n1987 &#8211; S\u00e3o Paulo SP &#8211; Individual, na Galeria Paulo Prado<br \/>\n1988 &#8211; Bras\u00edlia DF &#8211; Individual, na Galeria Oscar Seraphico<br \/>\n1988 &#8211; S\u00e3o Paulo SP &#8211; 25 Anos de Pintura, no Yutaka Sanematsu Escrit\u00f3rio de Arte<br \/>\n1990 &#8211; S\u00e3o Paulo SP &#8211; Martins de Porangaba, na Galeria Paulo Prado<br \/>\n1991 &#8211; S\u00e3o Paulo SP &#8211; Individual, na Lygia Jafet Bureau D&#8217;Arte<br \/>\n1993 &#8211; Washington (Estados Unidos) &#8211; Amaz\u00f4nia, no Brazilian-American Cultural Institute<br \/>\n1994 &#8211; Barcelona (Espanha) &#8211; Amaz\u00f4nia, no St\u00fadio La Seca<br \/>\n1994 &#8211; S\u00e3o Paulo SP &#8211; Amaz\u00f4nia, no Carib\u00e9 Escrit\u00f3rio de Arte<br \/>\n1998 &#8211; Arax\u00e1 MG &#8211; Individual, no Museu Dona Beja<br \/>\n1998 &#8211; Belo Horizonte MG &#8211; Individual, no Pal\u00e1cio das Artes<br \/>\n1998 &#8211; Uberl\u00e2ndia MG &#8211; Martins de Porangaba, na Galeria Elisabeth Nasser<br \/>\n2000 &#8211; S\u00e3o Paulo SP &#8211; Tempo e mem\u00f3ria na obra de Martins de Porangaba, na Paulo Prado Galeria de Arte<br \/>\n2001 &#8211; S\u00e3o Paulo SP &#8211; Porangaba Anos 70, no Espa\u00e7o de Artes Unicid<\/p>\n<p>Exposi\u00e7\u00f5es Coletivas<\/p>\n<p>1971 &#8211; S\u00e3o Paulo SP &#8211; Sal\u00e3o da Associa\u00e7\u00e3o Paulista de Belas Artes<br \/>\n1977 &#8211; S\u00e3o Caetano do Sul SP &#8211; Exposi\u00e7\u00e3o do Centen\u00e1rio de S\u00e3o Caetano do Sul<br \/>\n1977 &#8211; S\u00e3o Paulo SP &#8211; Coletiva do Ateli\u00ea J. Martins, na Galeria S\u00e9culo XXI<br \/>\n1978 &#8211; Santo Andr\u00e9 SP &#8211; Coletiva, no Centro C\u00edvico<br \/>\n1979 &#8211; S\u00e3o Paulo SP &#8211; Sal\u00e3o da Associa\u00e7\u00e3o Paulista de Belas Artes &#8211; men\u00e7\u00e3o honrosa<br \/>\n1980 &#8211; Santo Andr\u00e9 SP &#8211; Coletiva, no Centro C\u00edvico<br \/>\n1980 &#8211; S\u00e3o Paulo SP &#8211; Sal\u00e3o da Associa\u00e7\u00e3o Paulista de Belas Artes &#8211; medalha de bronze<br \/>\n1980 &#8211; Tokoiama (Jap\u00e3o) &#8211; Artistas Brasileiros<br \/>\n1981 &#8211; Embu SP &#8211; 27\u00ba Sal\u00e3o de Artes Pl\u00e1sticas do Embu &#8211; medalha de bronze<br \/>\n1981 &#8211; Mar\u00edlia SP &#8211; 2\u00ba Sal\u00e3o de Arte Contempor\u00e2nea &#8211; 1\u00ba pr\u00eamio<br \/>\n1981 &#8211; Piracicaba SP &#8211; 14\u00ba Sal\u00e3o de Arte Contempor\u00e2nea de Piracicaba, na Casa das Artes Pl\u00e1sticas Miguel Dutra &#8211; pr\u00eamio aquisi\u00e7\u00e3o<br \/>\n1981 &#8211; S\u00e3o Paulo SP &#8211; 2\u00ba Sal\u00e3o Paulista de Artes Pl\u00e1sticas e Visuais<br \/>\n1981 &#8211; S\u00e3o Paulo SP &#8211; Sal\u00e3o da Associa\u00e7\u00e3o Paulista de Belas Artes &#8211; rosa de bronze<br \/>\n1981 &#8211; Rio de Janeiro RJ &#8211; 4\u00ba Sal\u00e3o Nacional de Artes Pl\u00e1sticas<br \/>\n1982 &#8211; Rio Claro SP &#8211; 2\u00ba Sal\u00e3o de Artes Visuais &#8211; pr\u00eamio aquisi\u00e7\u00e3o<br \/>\n1982 &#8211; Rio de Janeiro RJ &#8211; 5\u00ba Sal\u00e3o Nacional de Artes Pl\u00e1sticas, no MAM\/RJ<br \/>\n1982 &#8211; Santo Andr\u00e9 SP &#8211; 10\u00ba Sal\u00e3o de Arte Contempor\u00e2nea de Santo Andr\u00e9, no Pa\u00e7o Municipal<br \/>\n1982 &#8211; S\u00e3o Paulo SP &#8211; 1\u00ba Sal\u00e3o Paulista de Arte Contempor\u00e2nea &#8211; pr\u00eamio aquisi\u00e7\u00e3o<br \/>\n1983 &#8211; Bras\u00edlia DF &#8211; Coletiva, na Galeria Oscar Seraphico<br \/>\n1983 &#8211; Rio de Janeiro RJ &#8211; 6\u00ba Sal\u00e3o Nacional de Artes Pl\u00e1sticas, no MAM\/RJ<br \/>\n1983 &#8211; Santo Andr\u00e9 SP &#8211; 11\u00ba Sal\u00e3o de Arte Contempor\u00e2nea de Santo Andr\u00e9, no Pa\u00e7o Municipal &#8211; pr\u00eamio aquisi\u00e7\u00e3o<br \/>\n1983 &#8211; S\u00e3o Paulo SP &#8211; Coletiva de inaugura\u00e7\u00e3o, na Galeria Tema Arte Contempor\u00e2nea<br \/>\n1984 &#8211; Nova York (Estados Unidos) &#8211; Coletiva de Ver\u00e3o, na Kouros Gallery<br \/>\n1984 &#8211; Santo Andr\u00e9 SP &#8211; 12\u00ba Sal\u00e3o de Arte Contempor\u00e2nea de Santo Andr\u00e9, no Pa\u00e7o Municipal &#8211; pr\u00eamio aquisi\u00e7\u00e3o<br \/>\n1985 &#8211; Lisboa (Portugal) &#8211; Sal\u00e3o de Inverno, no Espelho D&#8217;\u00c1gua &#8211; medalha de ouro<br \/>\n1985 &#8211; Recife PE &#8211; Coletiva, na Ranulpho Galeria de Arte<br \/>\n1985 &#8211; Santo Andr\u00e9 SP &#8211; 13\u00ba Sal\u00e3o de Arte Contempor\u00e2nea de Santo Andr\u00e9, no Pa\u00e7o Municipal<br \/>\n1986 &#8211; Tampa (Estados Unidos) &#8211; Exposi\u00e7\u00e3o de Arte Contempor\u00e2nea Brasileira, no Curtis Hixon Convention Center &#8211; medalha de ouro<br \/>\n1987 &#8211; Nice (Fran\u00e7a) &#8211; Exposi\u00e7\u00e3o de Arte Contempor\u00e2nea Point-Barla &#8211; 1\u00ba pr\u00eamio em pintura<br \/>\n1987 &#8211; S\u00e3o Paulo SP &#8211; 20\u00aa Exposi\u00e7\u00e3o de Arte Contempor\u00e2nea, na Chapel Art Show<br \/>\n1987 &#8211; S\u00e3o Paulo SP &#8211; Aderbal Moura, Alberto Lef\u00e8vre, D\u00e9cio Soncini, Juarez Magno, Martins de Porangaba, no Arte Clube<br \/>\n1988 &#8211; S\u00e3o Paulo SP &#8211; 1\u00ba Sal\u00e3o Nacional de Aquarelas da FASM, na Faculdade de Arte Santa Marcelina<br \/>\n1989 &#8211; S\u00e3o Paulo SP &#8211; Trinta e Tr\u00eas Maneiras de Ver o Mundo, na Ranulpho Galeria de Arte<br \/>\n1991 &#8211; S\u00e3o Paulo SP &#8211; Chico e os Bichos, na Ranulpho Galeria de Arte<br \/>\n1991 &#8211; S\u00e3o Paulo SP &#8211; Coletiva, na Ranulpho Galeria de Arte<br \/>\n1991 &#8211; Washington (Estados Unidos) &#8211; Exposi\u00e7\u00e3o de Artes Ibero-Americanas, no Art Museum of the Americas Gallery<br \/>\n1996 &#8211; Porto Alegre RS &#8211; Natureza Humana, na Galeria Tina Zappoli<br \/>\n2004 &#8211; S\u00e3o Paulo SP &#8211; Exposi\u00e7\u00e3o de Artistas Contempor\u00e2neos, no Esporte Clube S\u00edrio<\/p>\n<p>Fonte: Ita\u00fa Cultural<br \/>\n <p class=\"wpsm-hide\" style=\"color: #cc0000; font-size: 100%; text-align: left;\"> ... Ler menos<\/p><\/div><\/div>\n","protected":false},"excerpt":{"rendered":"<p>Artista: Martins de Porangaba T\u00edtulo: Noite Estrelada T\u00e9cnica: T\u00eampera Sobre Tela Dimens\u00f5es: 40 X 50 cm Data: 1983<\/p>\n","protected":false},"featured_media":741,"template":"","meta":[],"product_cat":[83],"product_tag":[100,99,101],"class_list":["post-740","product","type-product","status-publish","has-post-thumbnail","hentry","product_cat-martins-de-porangaba","product_tag-brazil-gallery","product_tag-galeria-de-arte","product_tag-obras-de-arte"],"aioseo_notices":[],"_links":{"self":[{"href":"https:\/\/bg1.com.br\/loja\/wp-json\/wp\/v2\/product\/740","targetHints":{"allow":["GET"]}}],"collection":[{"href":"https:\/\/bg1.com.br\/loja\/wp-json\/wp\/v2\/product"}],"about":[{"href":"https:\/\/bg1.com.br\/loja\/wp-json\/wp\/v2\/types\/product"}],"wp:featuredmedia":[{"embeddable":true,"href":"https:\/\/bg1.com.br\/loja\/wp-json\/wp\/v2\/media\/741"}],"wp:attachment":[{"href":"https:\/\/bg1.com.br\/loja\/wp-json\/wp\/v2\/media?parent=740"}],"wp:term":[{"taxonomy":"product_cat","embeddable":true,"href":"https:\/\/bg1.com.br\/loja\/wp-json\/wp\/v2\/product_cat?post=740"},{"taxonomy":"product_tag","embeddable":true,"href":"https:\/\/bg1.com.br\/loja\/wp-json\/wp\/v2\/product_tag?post=740"}],"curies":[{"name":"wp","href":"https:\/\/api.w.org\/{rel}","templated":true}]}}