{"id":745,"date":"2020-08-10T23:06:04","date_gmt":"2020-08-11T02:06:04","guid":{"rendered":"http:\/\/bg1.com.br\/loja\/produto\/marcos-de-oliveira-um-passeio-pelo-nordeste-ast-100-x-80-cm-data-2005-ref-mo-001\/"},"modified":"2024-04-04T13:18:23","modified_gmt":"2024-04-04T16:18:23","slug":"marcos-de-oliveira-um-passeio-pelo-nordeste-ast-100-x-80-cm-data-2005-ref-mo-001","status":"publish","type":"product","link":"https:\/\/bg1.com.br\/loja\/produto\/marcos-de-oliveira-um-passeio-pelo-nordeste-ast-100-x-80-cm-data-2005-ref-mo-001\/","title":{"rendered":"Marcos de Oliveira &#8211; Um Passeio pelo Nordeste &#8211; AST &#8211; 100 X 80 cm &#8211; Data: 2005 &#8211; Ref: MO-001"},"content":{"rendered":"<p>Artista: Marcos de Oliveira<br \/>\nT\u00edtulo: Um Passeio pelo Nordeste<br \/>\nT\u00e9cnica: Acr\u00edlica Sobre Tela<br \/>\nDimens\u00f5es: 100 X 80 cm<br \/>\nData: 2005<br \/>\nPainel sem Moldura<\/p>\n<div class=\"show_more\"><p class=\"wpsm-show\" style=\"color: #cc0000; font-size: 100%; text-align: left;\"> ... Leia mais<\/p><div class=\"wpsm-content\">\nMARCOS OLIVEIRA<\/p>\n<p>Vigor aut\u00eantico<\/p>\n<p>A for\u00e7a dos cangaceiros, o vigor da mulher brasileira e naturezas-mortas em que predominam as intensidades das cores e os grossos contornos s\u00e3o as tem\u00e1ticas principais da arte de Marcos Oliveira, artista pl\u00e1stico que conquista, \u00e0 primeira vista, justamente pela maneira como trata as suas imagens: com intensa energia, como se cada quadro fosse o \u00faltimo.<br \/>\nNascido em Ibiapor\u00e3, Mundo Novo, Bahia, em 11 de junho de 1980, Marcos Oliveira \u00adcujo nome completo \u00e9 Marcos Pereira Oliveira &#8211; \u00e9 um autodidata. Isso significa que, embora admire as obras de Tarsila do Amaral e Di Cavalcanti, entre outros, n\u00e3o se ap\u00f3ia neles para desenvolver a sua obra.<br \/>\nAs cenas e figuras humanas que cria, especialmente as relacionadas com o canga\u00e7o nordestino e com a tem\u00e1tica da seca, s\u00e3o repletas de verdade, aquela qualidade pr\u00f3pria dos artistas que n\u00e3o nasceram para agradar ao mercado, mas que realizam aquilo que seu impulso criativo manda.<br \/>\nA t\u00e9cnica de Marcos Oliveira, que se baseia no m\u00e1ximo uso da esp\u00e1tula, reduz a interven\u00e7\u00e3o do pincel. Isso contribui para a cria\u00e7\u00e3o de imagens que parecem derreter sob o escaldante sol do sert\u00e3o. Desse universo \u00e1rido, brotam personagens que remetem a romances como Vidas secas, de Graciliano Ramos.<br \/>\nOs cangaceiros que surgem nas telas de Oliveira trazem todo o poder dos fortes homens do sert\u00e3o valorizados por Euclides da Cunha, em Os sert\u00f5es. As imagens cl\u00e1ssicas, guardadas em fotografias e algumas poucas cenas filmadas de Lampi\u00e3o e Maria Bonita s\u00e3o evocadas por telas que exaltam l\u00e1bios grossos, olhos bem abertos e narizes largos com contornos bem definidos.<br \/>\nFlores, peixes e mulheres tamb\u00e9m comparecem na pintura do artista, sempre realizada com a utiliza\u00e7\u00e3o de formas volumosas. Assim, as flores ganham em vivacidade e os peixes se tomam objetos de desenho, como rec\u00e9m-sa\u00eddos da c\u00e9lebre cena b\u00edblica de sua multiplica\u00e7\u00e3o.<br \/>\nDentro da tradi\u00e7\u00e3o dos pintores autodidatas, Oliveira trabalha as suas refer\u00eancias de uma maneira essencialmente pessoal. Embora jovem, desenvolveu um estilo pr\u00f3prio e inconfund\u00edvel, principalmente pelo tratamento \u00e0 mat\u00e9ria pict\u00f3rica, sempre buscando os melhores caminhos de composi\u00e7\u00e3o.<br \/>\nImagens de seis fartos, colares com pedras igualmente amplas, bra\u00e7os muitas vezes em movimentos arredondados exaltam a figura feminina em seus v\u00e1rios aspectos, principalmente no que diz respeito \u00e0 sensualidade, mas a condi\u00e7\u00e3o existencial de solid\u00e3o do ser humano.<br \/>\nO trabalho de esp\u00e1tula do pintor pode ser especialmente verificado no fundo da tela, num resultado de intensa expressividade. Quando surgem vasos com flores, por exemplo, as imagens distorcidas de contornos espessos cativam o observador pela autenticidade que carregam.<br \/>\nA obra de Marcos Oliveira se caracteriza pela sinceridade com que o pintor se apresenta ao p\u00fablico. Em cada tela, h\u00e1 um mergulho na alma, seja pela aridez de alguns temas, pelos<br \/>\ntra\u00e7os vigorosos ou pela consci\u00eancia do artista de sempre oferecer o melhor de si em cada trabalho.<\/p>\n<p>Oscar D \u00b4Ambrosio, Jornalista, integra a Associa\u00e7\u00e3o Brasileira de Cr\u00edticos de Artes (ABCA) e \u00e9 autor de Os pinc\u00e9is de Deus: vida e obra do pintor naif Waldomiro de Deus (Editora Unesp).<\/p>\n<p>CURRICULO MARCOS DE OLIVEIRA<br \/>\nARTISTA PL\u00c1STICO<br \/>\n2009 &#8211; MUSEU DE ARTE DE GOI\u00c2NIA \u2013 GO \u2013BRASIL \u2013EXPOSI\u00c7\u00c3O INDIVIDUAL MISTURA BEM TEMPERADA.<br \/>\n2009 &#8211; EXPOSI\u00c7\u00c3O DE DOIS PAINEIS NO C\u00c9NARIO DO PROGRAMA METROPOLIS DA TV CULTURA \u2013 SP-BRASIL<br \/>\n2006 \u2013 Marcos de Oliveira \u2013 Exposi\u00e7\u00e3o \u2013 Centro Conex\u00e3o Cultural \u2013 Pinheiros \u2013 SP-BRASIL<br \/>\n2006 \u2013 1\u00aa Exposi\u00e7\u00e3o Sa\u00fade Com Arte \u2013 Tabo\u00e3o da Serra \u2013 SP \u2013 BRASIL-Artista Convidado<br \/>\n2006 \u2013 Marcos de Oliveira \u2013 Exposi\u00e7\u00e3o \u2013 Clube Paineiras do Morumbi \u2013 SP -BRASIL<br \/>\n2006 \u2013 Tudo \u00e9 Nordeste \u2013 Centro Empresarial de S\u00e3o Paulo \u2013 SP-BRASIL<br \/>\n2005 \u2013 Cores e Arte \u2013 Museu da Cerveja \u2013 Blumenau \u2013 SC-BRASIL<br \/>\n2004 \u2013 Um Passeio Pelo Nordeste \u2013 Centro Cultural Santa Catarina \u2013 SP-BRASIL<br \/>\n2004 \u2013 Um Olhar Sobre o Nordeste \u2013 Conjunto Cultural da Caixa \u2013 2 Meses de Exposi\u00e7\u00e3o \u2013 SP-BRASIL<br \/>\n2004 \u2013 O Nordeste \u00b4\u00b4Marcos de Oliveira&#8220; \u00b4\u00b4MAPA&#8220; Assis \u2013 SP-BRASIL<br \/>\n2003 \u2013 Nordeste Folcl\u00f3rico, Esporte Clube Banespa \u2013 SP-BRASIL<br \/>\n2003 \u2013 O Impacto das Cores \u2013 Museu de Arte do Banespa \u2013 SP \u2013 BRASIL-Artista Convidado<br \/>\n2003 \u2013 O Mundo Novo de Marcos de Oliveira &#8211; \u00b4\u00b4Marte&#8220; Museu de Arte de Paragua\u00e7u Paulista \u2013 SP \u2013 BRASIL-Artista Convidado<br \/>\n2003 &#8211; &#8220;Iprem&#8221; &#8211; Instituto de Previd\u00eancia do Munic\u00edpio de \u2013 SP-BRASIL<br \/>\n2003 \u2013 EXPOSI\u00c7\u00c3O MARCOS DE OLIVEIRA &#8211; Osasco Plaza Shopping \u2013 Osasco \u2013 SP-BRASIL<br \/>\n2003 &#8211; De Mundo Novo Para o Mundo \u2013 Museu de Arte Primitiva &#8211; \u00b4\u00b4MAPA&#8220; &#8211; Assis \u2013 SP-BRASIL<br \/>\n2002 \u2013 1\u00ba Festival cultural do interior salvador -BA-BRASIL &#8211; Artista Convidado<br \/>\n2002 \u2013 PROGRAMA COURO INTERIORES -TV Brasil BRASIL CENTRAL \u2013 GO-BRASIL-ARTISTA CONVIDADO<br \/>\n&#8211; COLETIVA<\/p>\n<p>2009 \u2013 XXXIV SEMANA DE PORTINARI -BRODOWSKI-SP HOMENAGEA O ARTISTA PL\u00c1STICO MARCOS DE OLIVEIRA<br \/>\n2008 &#8211; XXXV Semana em Homenagem a Candido Portinari \u2013 Brodowski \u2013 Sp -BRASIL<br \/>\n2008 &#8211; 39 Exposi\u00e7\u00e3o de Arte Contempor\u00e2nea Chapel Art Show \u2013Sp-BRASIL<br \/>\n2008 &#8211; O Encanto das Cores \u2013Osasco Plaza Shopping \u2013Sp-BRASIL<br \/>\n2008 &#8211; Centenario da Imigra\u00e7\u00e3o japonesa no Brasil \u2013 S\u00e9c . De Cultura de Sorocaba \u2013Sp-BRASIL<br \/>\n2008 &#8211; Centenario da Imigra\u00e7\u00e3o japonesa no Brasil \u2013 Mogi das Cruzes \u2013Sp-BRASIL<br \/>\n2008 &#8211; Centenario da Imigra\u00e7\u00e3o japonesa no Brasil \u2013 Clube Paineiras do Morumbi \u2013Sp-BRASIL<br \/>\n2008 &#8211; 39 &#8211; Exposi\u00e7ao de arte Contemporanea Chapel Art Show \u2013Sp-BRASI<br \/>\n2007 &#8211; The Arts Office Lauder Hill ( Florida = USA)<br \/>\n2007 &#8211; Negro Sim Centro Cultural de Suzano -SP-BRASIL- Artista Convidado<br \/>\n2007 &#8211; ARTISTA C ONVIDADO A COMPOR O JURE DE SELE\u00c7\u00c3O E PREMIA\u00c7\u00c3O DO D\u00c9CIMO SEGUNDO SAL\u00c3O INTER CLUBES DE ARTES PLASTICAS \u2013DO CLUBE PAINEIRAS DO MORUMBI \u2013SP -BRASIL 2007-\u00b4Fluindo a Arte nos Textos de Oscar D\u2019ambrosio &#8211; Brasil Gallery -Sp-BRASIL<br \/>\n2007 \u2013 Pr\u00e9 \u2013 Centen\u00e1rio da Imigra\u00e7\u00e3o Japonesa \u2013 Exposi\u00e7\u00e3o de Arte Brasil \u2013 Jap\u00e3o \u2013 Subprefeitura da Cidade Ademar \u2013 SP \u2013 BRASIL-Artista Convidado<br \/>\n2007 \u2013 Pr\u00e9 \u2013 Centen\u00e1rio da Imigra\u00e7\u00e3o Japonesa \u2013 Exposi\u00e7\u00e3o de Arte Brasil \u2013 Jap\u00e3o \u2013 Consulado Geral do Jap\u00e3o \u2013 SP \u2013 -BRASIL-Artista Convidado<br \/>\n2007 \u2013 Pr\u00e9 &#8211; Centen\u00e1rio da Imigra\u00e7\u00e3o Japonesa no Brasil \u2013 Clube Paineiras do Morumbi \u2013SP-BRASIL- Artista Convidado<br \/>\n2006 \u2013 Usina Paulista de Artes \u2013 M\u00eas da Consci\u00eancia Negra \u2013 SP \u2013 BRASIL-Artista Convidado<br \/>\n2006 \u2013 Memorial da Am\u00e9rica Latina \u2013 M\u00caS da Consci\u00eancia Negra \u2013 SP \u2013BRASIL- Artista Convidado<br \/>\n2006 \u2013 Bienal Naifs do Brasil \u2013 8\u00aa Edi\u00e7\u00e3o \u2013 Piracicaba \u2013 SP-BRASIL<br \/>\n2006 \u2013 Arte Naif \u2013 Shopping Casa e M\u00f3vel \u2013 Vila Madalena \u2013 S\u00e3o Paulo \u2013 SP-BRASIL<br \/>\n2006 \u2013 1\u00aa Mostra de Arte Feissecre \u2013 S\u00e3o Jos\u00e9 dos Campos \u2013 S\u00e3o Paulo \u2013 SP-BRASIL<br \/>\n2006 \u2013 Integra\u00e7\u00e3o da Arte Nipo Brasileira \u2013 Realiza\u00e7\u00e3o do Grupo Nipo Brasileiro de Pintura \u2013 Consulado Geral do Jap\u00e3o \u2013\u2013 SP \u2013 BRASIL-Artista Convidado<br \/>\n2006 \u2013 Arte Naif em Destaque \u2013 Funda\u00e7\u00e3o Cultural de Curitiba \u2013 Com 5 Dias de Palestras e Oficina P\/ Escolas P\u00fablicas e Particulares em Dois Turnos \u2013 Manh\u00e3 e Tarde \u2013 Curitiba &#8211; PR -BRASIL<br \/>\n2006 \u2013 Futebol Paix\u00e3o Brasileira \u2013 Memorial da Am\u00e9rica Latina-exposicao Itinerante por ( 30 )Trinta Museus do Interior do Estado\u2013 S\u00e3o Paulo \u2013 SP -BRASIL<br \/>\n2006 \u2013 11\u00ba Sal\u00e3o Paulista de Arte Contempor\u00e2nea \u2013MAC- Ibirapuera &#8211; S\u00e3o Paulo \u2013 SP-BRASIL<br \/>\n2006 \u2013 Folia das Cores \u2013 Osasco Plaza Shopping \u2013 Osasco \u2013 SP-BRASIL<br \/>\n2006 \u2013 3\u00ba Sal\u00e3o Oficial de Arte contempor\u00e2nea de Caraguatatuba \u2013 SP-BRASIL<br \/>\n2006 \u2013 Meu Brasil Brasileiro \u2013 Museu de Arte Primitiva de Assis \u2013 SP \u2013BRASIL- artista convidado<br \/>\n2005 \u2013 XX Mostra Afro Brasileira Palmares \u2013 Curitiba \u2013 PR \u2013 Artista Convidado<br \/>\n2005 \u2013 Art Naif \u2013 Galeria Jacques Ardies \u2013 SP-BRASIL<br \/>\n2005 \u2013 Um Olhar Sobre a Arte Naif Brasileira \u2013 Centro Empresarial do A\u00e7o \u2013 SP \u2013BRASIL- Realiza\u00e7\u00e3o: Marcos de Oliveira<br \/>\n2005 \u2013 Um Olhar Sobre a Arte Naif Brasileira \u2013 Alphaville \u2013 SP \u2013BRASIL- Realiza\u00e7\u00e3o: Marcos de Oliveira<br \/>\n2005 &#8211; Inaugura\u00e7\u00e3o do Espa\u00e7o de Artes do Campinas Shopping \u2013 Campinas \u2013 SP \u2013BRASIL- artista convidado<br \/>\n2005 \u2013 Galeria Jacques Ardies \u2013 SP-BRASIL<br \/>\n2005 \u2013 \u201cMAPA\u201d &#8211; Museu de Arte Primitiva de Assis \u2013 SP-BRASIL<br \/>\n2005 \u2013 Diferentes Olhares Sobre Arte Naif \u2013 Espa\u00e7o da Renault \u2013Blumenau \u2013 SC-BRASIL<br \/>\n2005 \u2013 A Arte da Excel\u00eancia \u2013 Link Laters \u2013 S\u00e3o Paulo \u2013 SP-BRASIL- artista convidado<br \/>\n2005 \u2013 A Beleza da Arte Naif \u2013 Galeria Municipal de Artes de Barueri \u2013 SP-BRASIL<br \/>\n2005 \u2013 Negro Sim \u2013centro cultural de Suzano \u2013 SP \u2013BRASIL- Artista Convidado<br \/>\n2005 \u2013 1\u00ba Encontro Nacional de Arte Naif \u2013 Blumenau \u2013 SC \u2013BRASIL- Idealiza\u00e7\u00e3o: Marcos de Oliveira<br \/>\n&#8211; Realiza\u00e7\u00e3o: Funda\u00e7\u00e3o Cultural de Blumenau \/ MAB \u2013 Museu de Arte de Blumenau \u2013 SC-BRASIL<br \/>\n2004 \u2013 Art Naif em Destaque \u2013 Funda\u00e7\u00e3o Cultural de Blumenau \u2013 SC-BRASIL<br \/>\n2004 \u2013 Art Naif em Destaque \u2013 Museu da Cerveja \u2013 Blumenau \u2013 SC-BRASIL<br \/>\n2004 \u2013 O Brasil na Vis\u00e3o de Tr\u00eas Artistas \u2013 Galeria Jacques Ardies<br \/>\n2004 \u2013 1\u00ba Encontro Nacional de Malas \u201cVolta a S\u00e3o Paulo em mais de 80 Malas\u201d Espa\u00e7o Cultural Conjunto Nacional \u2013 S\u00e3o Paulo \u2013 SP-BRASIL-Artista Convidado<br \/>\n2004 \u2013 Exposi\u00e7\u00e3o em Comemora\u00e7\u00e3o aos 95 anos do \u00b4\u00b4IPREM&#8220; &#8211; S\u00e3o Paulo \u2013 SP \u2013 Artista Convidado<br \/>\n2004 \u2013 Art Naif \u2013 Galeria Jacques Ardies \u2013 S\u00e3o Paulo \u2013 SP-BRASIL<br \/>\n2004 &#8211; Volta a S\u00e3o Paulo em mais de 80 Malas \u2013 Memorial do Imigrante \u2013 SP-BRASIL-Artista Convidado<br \/>\n2003 \u2013 S\u00e3o Paulo de Negras Ra\u00edzes, Ra\u00edzes Negras de S\u00e3o Paulo \u2013 Museu do Imagin\u00e1rio do Povo Brasileiro \u2013 SP \u2013BRASIL-ARTISTA CONVIDADO COM SALA ESPECIAL . ( Marcos de Oliveira)<br \/>\n2003 \u2013 Viagem Galeria de Arte \u2013 Mali Villas Boas e Organiza\u00e7\u00e3o Paulista de Artes \u2013 SP-BRASIL<br \/>\n2002 \u2013 Secretaria da Cultura \u2013 Mundo Novo \u2013 BA-BRASIL<br \/>\n2002 \u2013 Concurso CESI Arte Criatividade \u2013 Goi\u00e2nia \u2013 GO-BRASIL<br \/>\n2002 \u2013 Caminhos das Artes \u2013 Galeria de Arte do templo da Boa Vontade (LBV) Bras\u00edlia \u2013 DF-BRASIL<br \/>\n2001 \u2013 Secretaria da Cultura \u2013 Miguel Calmon \u2013 BA-BRASIL<br \/>\n2001 &#8211; Secretaria da Cultura \u2013 Mundo Novo \u2013 BA-BRASIL<\/p>\n<p>&#8211; PR\u00caMIOS EM SAL\u00d5ES INTERNACIONAIS<br \/>\n&#8211; 2004 \u2013 Sal\u00e3o Internacional de Arte \u2013 Canad\u00e1 Best Art Show \u2013 Ont\u00e1rio \u2013 Canad\u00e1 \u2013 Pr\u00eamio \u00b4\u00b4Revela\u00e7\u00e3o&#8220;<br \/>\n&#8211; 2004 &#8211; Sal\u00e3o Internacional de Arte \u2013 Estados Unidos \u2013 Integration Best Art Show \u2013 Miami \u2013 Fl\u00f3rida \u2013 Pr\u00eamio \u00b4\u00b4Medalha de Bronze&#8220;<br \/>\n&#8211; 2004 \u2013 Grande Sal\u00e3o Mundial de Arte \u201cFascina\u00e7\u00e3o\u201d Realizado em Lisboa \u2013 Portugal \u2013 Pr\u00eamio \u00b4\u00b4A Grande Medalha de Prata&#8220;<br \/>\n&#8211; 2004 \u2013 Gr\u00e1n Sal\u00f3n Internacional \u00b4\u00b4Magnitud de Las Colores&#8220; Realizado em Madri \u2013 Espanha \u2013 Pr\u00eamio \u00b4\u00b4M\u00e9ncion de Honor&#8220;<br \/>\n&#8211; 2004 \u2013 Fantastique Exposition de L\u00b4art \u00b4\u00b4Exuberance de La Beaut\u00e9&#8220; Realizado em Paris \u2013 Fran\u00e7a \u2013 Pr\u00eamio &#8220;Prix D\u00b4Honneur&#8221;<br \/>\n&#8211; OBRAS EM ACERVOS<br \/>\n&#8211; MUSEU DE ARTE DE GOI\u00c2NIA ( MAG) \u2013GO &#8211; BRASIL<br \/>\n&#8211; PROGRAMA METROPOLIS TV CULTURA \u2013 SP- BRASIL<br \/>\n&#8211; Programa Couro Interiores TV Brasil Central \u2013 Goi\u00e2nia \u2013 GO-BRASIL<br \/>\n&#8211; Museu de Arte de Assis &#8211; \u00b4\u00b4MAPA&#8220; &#8211; Assis \u2013 SP-BRASIL<br \/>\n&#8211; Osasco Plaza Shopping \u2013 Osasco \u2013 SP-BRASIL<br \/>\n&#8211; Museu de Arte de Paragua\u00e7u Paulista-MARTE \u2013 SP-BRASIL<br \/>\n&#8211; Museu Banespa \u2013SANTANDER CULTURAL &#8211; SP-BRASIL<br \/>\n&#8211; Galeria de Arte do Templo da Boa Vontade (LBV) \u2013 Bras\u00edlia \u2013 DF-BRASIL<br \/>\n&#8211; Galeria de Arte \u2013 Mali Villas Boas e Organiza\u00e7\u00e3o Paulista de Artes \u2013 SP-BRASIL<br \/>\n&#8211; Esporte Clube Banespa \u2013 SP-BRASIL<br \/>\n&#8211; ESPA\u00c7O CULTURAL DO Hospital Santa Catarina \u2013 SP-BRASIL<br \/>\n&#8211; MAB &#8211; Museu de Arte de Blumenau \u2013 SC-BRASIL<br \/>\n&#8211; Clube Paineiras do Morumbi \u2013 SP-BRASIL<br \/>\n&#8211; UNIVERSIDAD TECNOL\u00d3GICA METROPOLITANA ,SANTIAGO , DEL CHILE<br \/>\n&#8211; BRAZIL GALLERY GALERIA DE ARTE<br \/>\n&#8211; MUSEUS<br \/>\n&#8211; MUSEU DE ARTE DE GOI\u00c2NIA &#8211; MAG &#8211; GO-BRASIL<\/p>\n<p>&#8211; Museu de Arte de Assis &#8211; &#8220;MAPA&#8221; &#8211; Assis \u2013 SP-BRASIL<br \/>\n&#8211; Museu de Arte de Paragua\u00e7u Paulista-MARTE \u2013 SP-BRASIL<br \/>\n&#8211; Museu Banespa \u2013SANTANDER CULTURAL &#8211; SP-BRASIL<br \/>\n&#8211; Museu do Imagin\u00e1rio do Povo Brasileiro \u2013 SP-BRASIL<br \/>\n&#8211; MAB &#8211; Museu de Arte de Blumenau \u2013 SC -BRASIL<br \/>\n&#8211; MUSEU DE ARTE DE BIRIGUI \u2013GO- BRASIL<br \/>\n&#8211; MURAL<br \/>\n&#8211; Mural na Parede Externa do Museu de Arte Primitiva de Assis \u2013 SP \u2013BRASIL- Artista Convidado<br \/>\n&#8211; &#8220;Adora\u00e7\u00e3o a S\u00e3o Francisco&#8221; &#8211; 170 x 150 cm \u2013 2004<\/p>\n<p>&#8211; REFER\u00caNCIAS CR\u00cdTICAS<br \/>\n&#8211; Oscar D\u00b4Ambr\u00f3sio \u2013 S\u00e3o Paulo \u2013BRASIL- Dezembro &#8211; 2002<br \/>\n&#8211; Lino Cavallari \u2013 Bologna \u2013 It\u00e1lia \u2013 Janeiro \u2013 2004<br \/>\n&#8211; C\u00c9SAR ROMERO \u2013 BAHIA \u2013BRASIL- JANEIRO \u2013 2009<br \/>\n&#8211; LUIZ ERNESTO KAWALL &#8211; S\u00c3O PAULO-SP-BRASIL &#8211; MAR\u00c7O-2009<\/p>\n<p>&#8211; PUBLICA\u00c7\u00d5ES<br \/>\n&#8211; 2009 \u2013 CONTANDO A ARTE DE MARCOS DE OLIVEIRA -POR OSCAR D\u00b4AMBROSIO ED: NOOVHA AMERICA -SP<br \/>\n&#8211; 2008 &#8211; Naif de Mala e Cuia &#8211; por Oscar D`Ambrosio ED. JOB \u2013sp-BRASIL<br \/>\n&#8211; 2008 &#8211; 39 Exposi\u00e7ao de arte contempor\u00e2nea ChapeL Art Show \u2013sp-BRASIL<br \/>\n&#8211; 2004 \u2013 A Arte de Fazer Arte \u2013 Editora Saraiva -SP-BRASIL<br \/>\n&#8211; Obra \u2013 Voltando da Pesca \u2013 Pagina 17 &#8211; A.S.T. 60x 80 \u2013 2004<br \/>\n&#8211; 2004 \u2013 Revista Galeria em Tela, N\u00ba 46, P\u00e1gina 33 \u2013 Editora ON LINE \u2013SP-BRASIL<br \/>\n&#8211; 2005 \u2013 Mapa das Artes S\u00e3o Paulo \u2013BRASIL- Junho<br \/>\n&#8211; 2005 &#8211; Mapa das Artes Rio de Janeiro \u2013 BRASIL-Junho<br \/>\n&#8211; 2006 \u2013 BIENAL Naifs do Brasil \u2013 Piracicaba \u2013 SP \u2013BRASIL- 8\u00aa Edi\u00e7\u00e3o pagina,116<br \/>\n&#8211; 2006 &#8211; 11\u00ba Sal\u00e3o Paulista de Arte Contempor\u00e2nea \u2013 MAC Ibirapuera \u2013 SP \u2013BRASIL- P\u00e1gina 54<br \/>\n&#8211; 2006 \u2013 Expresso em Revista \u2013 Editora Caf\u00e9 \u2013SP-BRASIL- pagina ,33<br \/>\n <p class=\"wpsm-hide\" style=\"color: #cc0000; font-size: 100%; text-align: left;\"> ... Ler menos<\/p><\/div><\/div>\n","protected":false},"excerpt":{"rendered":"<p>Artista: Marcos de Oliveira T\u00edtulo: Um Passeio pelo Nordeste T\u00e9cnica: Acr\u00edlica Sobre Tela Dimens\u00f5es: 100 X 80 cm Data: 2005 Painel sem Moldura<\/p>\n","protected":false},"featured_media":746,"template":"","meta":[],"product_cat":[69,84],"product_tag":[],"class_list":["post-745","product","type-product","status-publish","has-post-thumbnail","hentry","product_cat-artistas","product_cat-marcos-de-oliveira"],"aioseo_notices":[],"_links":{"self":[{"href":"https:\/\/bg1.com.br\/loja\/wp-json\/wp\/v2\/product\/745","targetHints":{"allow":["GET"]}}],"collection":[{"href":"https:\/\/bg1.com.br\/loja\/wp-json\/wp\/v2\/product"}],"about":[{"href":"https:\/\/bg1.com.br\/loja\/wp-json\/wp\/v2\/types\/product"}],"wp:featuredmedia":[{"embeddable":true,"href":"https:\/\/bg1.com.br\/loja\/wp-json\/wp\/v2\/media\/746"}],"wp:attachment":[{"href":"https:\/\/bg1.com.br\/loja\/wp-json\/wp\/v2\/media?parent=745"}],"wp:term":[{"taxonomy":"product_cat","embeddable":true,"href":"https:\/\/bg1.com.br\/loja\/wp-json\/wp\/v2\/product_cat?post=745"},{"taxonomy":"product_tag","embeddable":true,"href":"https:\/\/bg1.com.br\/loja\/wp-json\/wp\/v2\/product_tag?post=745"}],"curies":[{"name":"wp","href":"https:\/\/api.w.org\/{rel}","templated":true}]}}