{"id":755,"date":"2020-08-10T23:06:04","date_gmt":"2020-08-11T02:06:04","guid":{"rendered":"http:\/\/bg1.com.br\/loja\/produto\/franco-belli-colibri-ost-110-x-905-cm-ref-fb-019\/"},"modified":"2021-04-27T13:48:07","modified_gmt":"2021-04-27T16:48:07","slug":"franco-belli-colibri-ost-110-x-905-cm-ref-fb-019","status":"publish","type":"product","link":"https:\/\/bg1.com.br\/loja\/produto\/franco-belli-colibri-ost-110-x-905-cm-ref-fb-019\/","title":{"rendered":"Franco Belli &#8211; Colibri &#8211; OST &#8211; 110 X 90,5 cm &#8211; Ref: FB-019"},"content":{"rendered":"<p>Artista: Franco Belli<br \/>\nT\u00edtulo: Colibri<br \/>\nT\u00e9cnica: \u00d3leo Sobre Tela<br \/>\nDimens\u00f5es:\u00a0110 X 90,5 cm<span class=\"Apple-converted-space\">\u00a0<\/span><\/p>\n<div class=\"show_more\"><p class=\"wpsm-show\" style=\"color: #cc0000; font-size: 100%; text-align: left;\"> ... Leia mais<\/p><div class=\"wpsm-content\">\n<span class=\"Apple-converted-space\">\u00a0<\/span><br \/>\nFRANCO BELLI<span class=\"Apple-converted-space\">\u00a0<\/span><br \/>\n<span class=\"Apple-converted-space\">\u00a0<\/span><br \/>\nLima \u2013 Per\u00fa<span class=\"Apple-converted-space\">\u00a0<\/span><br \/>\n<span class=\"Apple-converted-space\">\u00a0<\/span><br \/>\nSue\u00f1os de Mar y Monta\u00f1a<br \/>\nMares verdes, montes azules, olas y nieve fundidas en un cielo donde danzan los peces ocres recordando viejas civilizaciones, quiz\u00e1 a\u00fan presentes en miles de malabares que brotan de los pinceles de Franco Belli, que ha hecho de sus lienzos una mixtura de color y jugueter\u00eda.<span class=\"Apple-converted-space\">\u00a0<\/span><br \/>\n<span class=\"Apple-converted-space\">\u00a0<\/span><br \/>\nQuiz\u00e1 esas cabezas de peces son para recordar los sue\u00f1os infantiles con toda su caligraf\u00eda l\u00fadica e informe; y al mismo tiempo el uso del color nos remite a esos viejos alquimistas embull\u00e9ndonos en un mundo de magia y fascinaci\u00f3n y es que Franco juega con la imaginaci\u00f3n, mostr\u00e1ndonos con sus pinceles el vuelo de las aves que escarban los oc\u00e9anos o los peque\u00f1os colibr\u00edes, \u201cretazos de arco iris\u201d que aletean en las estribaciones de las coordilleras; pero Franco los pinta no con el mero realismo, los descompone, hurga, y los vuelve a crear a veces haci\u00e9ndonos pensar en esas metamorfosis Kafkianas, en una constante b\u00fasqueda de un sincretismo de nuestra identidad ancestral, desvelo por acudir al llamado de la tierra, uniendo dos culturas que envuelven su alma, que luchan por fusionarse sin perder ninguna de sus identidades; por ahora est\u00e1n los sue\u00f1os de mar y tierra dando fuerza a esa nueva vida, rica, diversa y solitaria; ahora est\u00e1 un pintor haciendo de las regiones una sola esperanza.<span class=\"Apple-converted-space\">\u00a0<\/span><br \/>\n<span class=\"Apple-converted-space\">\u00a0<\/span><br \/>\nLuis Angel Saavedra.<br \/>\nPoeta y Periodista Ecuatoriano.<br \/>\n\u2014\u2014\u2014\u2014\u2014\u2014\u2014\u2014\u2014\u2014\u2014\u2014\u2014\u2014\u2014\u2014\u2014\u2014\u2014\u2014\u2014\u2014\u2014\u2014\u2014\u2014\u2013<br \/>\nESTUDIOS:<br \/>\n\u2014\u2014\u2014\u2014\u2014\u2014\u2014\u2014\u2014\u2014\u2014\u2014\u2014\u2014\u2014\u2014\u2014\u2014\u2014\u2014\u2014\u2014\u2014\u2014\u2014\u2014\u2013<br \/>\n1982<br \/>\nUniversidad Mayor de San Marcos, Facultad de Arte.<br \/>\n1985<br \/>\nEscuela Superior Aut\u00f3noma de Bellas Artes, Lima, bajo la direcci\u00f3n de los maestros: Leonel Velarde, Enrique Galdos Rivas, Nier\u00ed. Pintura Mural, con el maestro Teodoro N\u00fa\u00f1ez R.<br \/>\nDISTINCIONES:<br \/>\n\u2014\u2014\u2014\u2014\u2014\u2014\u2014\u2014\u2014\u2014\u2014\u2014\u2014\u2014\u2014\u2014\u2014\u2014\u2014\u2014\u2014\u2014\u2014\u2014\u2014\u2014\u2013<br \/>\n1978<br \/>\nPrimer Premio Concurso de Afiches, Comit\u00e9 T\u00e9cnico Zonal de Educaci\u00f3n Vial, Municipalidad de Abancay.<br \/>\n1986<br \/>\nDiploma de Honor, Municipalidad de Lince, Lima.<br \/>\n1989<br \/>\nMenci\u00f3n de Honor III Sal\u00f3n de Acuarelas, Museo de Arte Italiano, Lima.<span class=\"Apple-converted-space\">\u00a0<\/span><br \/>\nMiembro de la Asociaci\u00f3n Internacional de Artistas Pl\u00e1sticos, UNESCO, Par\u00eds.<br \/>\n1990<br \/>\nSegundo Premio \u201cCamino Brent\u201d y Medalla de Plata, promoci\u00f3n 1990, Escuela Nacional Aut\u00f3noma de Bellas Artes de Per\u00fa, Lima.<br \/>\n1994<br \/>\nMenci\u00f3n de Honor, \u201cSal\u00f3n 6 de Diciembre\u201d Ilustre Municipio de Quito.<br \/>\n1998<br \/>\nPrimer Premio Sal\u00f3n Taurino CITOTUSA, Quito-Ecuador.<br \/>\nEXPOSICIONES INDIVIDUALES:<br \/>\n\u2014\u2014\u2014\u2014\u2014\u2014\u2014\u2014\u2014\u2014\u2014\u2014\u2014\u2014\u2014\u2014\u2014\u2014\u2014\u2014\u2014\u2014\u2014\u2014\u2014\u2014\u2013<br \/>\n1989<br \/>\n\u201cSOMBRAS\u201d. Primera exposici\u00f3n individual, Galer\u00eda de Arte \u201cLa Capilla\u201d, Cuzco \u2013 Per\u00fa.<br \/>\n1991<br \/>\n\u201cPINTURAS\u201d. Galer\u00eda Fabi\u00e1n Tormen, FONAPRE, Quito \u2013 Ecuador.<br \/>\n1992<br \/>\n\u201cAGUA\u201d. Exposici\u00f3n Galer\u00eda \u201cJORGE ELIECER\u201d, Medell\u00edn \u2013 Colombia.<br \/>\n1994<br \/>\nGaler\u00eda Metrocar, Exposici\u00f3n Individual, Quito \u2013 Ecuador.<br \/>\n2001<br \/>\nGaler\u00eda Signos, Exposici\u00f3n Individual, Panam\u00e1.<br \/>\n2002<br \/>\nTransit Gallery, \u201cSue\u00f1os de Mar y Monta\u00f1a\u201d, Hamilton \u2013 Canad\u00e1.<br \/>\nHamilton Library Public, Exposici\u00f3n Individual.<br \/>\n2003<br \/>\n\u201cErase una vez\u2026\u201d, Hotel Radisson Royal, San Salvador \u2013 Rep\u00fablica del Salvador.<br \/>\n\u201cLuz y Vida\u201d, Hotel Real Intercontinental, San Salvador \u2013 Rep\u00fablica del Salvador.<br \/>\n2004<br \/>\n\u201cAPURIMAC\u201d, Palais Tcheknavorian \u2013 Asenbauer. Viena \u2013 Austria.<br \/>\n2005<br \/>\n\u201cReminiscencia\u201d, Hotel Radisson. Rep\u00fablica del Salvador.<br \/>\n2006<br \/>\n\u201cPARARANI\u201d, Hotel Palacio San Jos\u00e9. San Jos\u00e9 \u2013 Costa Rica.<span class=\"Apple-converted-space\">\u00a0<\/span><br \/>\n<span class=\"Apple-converted-space\">\u00a0<\/span><br \/>\nEXPOSICIONES COLECTIVAS:<br \/>\n\u2014\u2014\u2014\u2014\u2014\u2014\u2014\u2014\u2014\u2014\u2014\u2014\u2014\u2014\u2014\u2014\u2014\u2014\u2014\u2014\u2014\u2014\u2014\u2014\u2014\u2014\u2013<br \/>\n1986<br \/>\nPrimer Encuentro de Pintura al aire libre, Bodas de Oro, distrito de Lince.<span class=\"Apple-converted-space\">\u00a0<\/span><br \/>\nHomenaje al Maestro, Casa de la Cultura de Lince.<span class=\"Apple-converted-space\">\u00a0<\/span><br \/>\nXVI Sal\u00f3n Nacional de Acuarela, ICPNA, Lima.<span class=\"Apple-converted-space\">\u00a0<\/span><br \/>\nArte en el Callao SITRAMUN, Callao.<br \/>\n1987<br \/>\nSal\u00f3n de Acuarela, Museo de Arte Italiano.<span class=\"Apple-converted-space\">\u00a0<\/span><br \/>\nXVII Sal\u00f3n Nacional de Acuarela, ICPNA.<br \/>\n1988<br \/>\nIV Sal\u00f3n Nacional de Dibujo, ICPNA.<span class=\"Apple-converted-space\">\u00a0<\/span><br \/>\nII Sal\u00f3n de Acuarela, PELIKAN, Galer\u00eda de Arte Vargas, Lima.<br \/>\n1989<br \/>\nXIX Sal\u00f3n Nacional de Acuarela ICPNA, Lima.<span class=\"Apple-converted-space\">\u00a0<\/span><br \/>\nIII Sal\u00f3n de Acuarela, Museo de Arte Italiano. IMAGENES Pintura Peruana. Galer\u00eda de Arte Cosmos, Lima.<span class=\"Apple-converted-space\">\u00a0<\/span><br \/>\nI Concurso de Acuarela \u201cJHON CONSTABLE\u201d, Asociaci\u00f3n Cultura Brit\u00e1nica.<br \/>\n1990<br \/>\nIV Sal\u00f3n de Verano Anc\u00f3n, Homenaje a Salvador Dal\u00ed, Municipalidad de Anc\u00f3n, Lima.<span class=\"Apple-converted-space\">\u00a0<\/span><br \/>\nIntercambio CUltural de Pintura, Per\u00fa , Puerto Rico, Sala de Exposiciones Departamento de Educaci\u00f3n, San Juan de Puerto Rico.<span class=\"Apple-converted-space\">\u00a0<\/span><br \/>\nSal\u00f3n de Egresados, Alianza Francesa. Miraflores.<br \/>\n1991<br \/>\nLos Nuevos Pintores, Galer\u00eda 2VS. Chacarilla del Estanque. Lima.<span class=\"Apple-converted-space\">\u00a0<\/span><br \/>\n15 JOVENES PINTORES, Casa Osambela. Lima.<span class=\"Apple-converted-space\">\u00a0<\/span><br \/>\nTalleres de Integraci\u00f3n Art\u00edstica Peruano \u2013 Ecuatoriano, TIAPE. Centro de Exposiciones Quito \u2013 Ecuador.<span class=\"Apple-converted-space\">\u00a0<\/span><br \/>\nMuestra Colectiva de Acuarelas, Sal\u00f3n de Exposiciones. Centro C\u00edvico, Machala \u2013 Ecuador.<span class=\"Apple-converted-space\">\u00a0<\/span><br \/>\nTIAPE, Pintores Ecuatorianos y Peruanos. Museo del Banco Central del Ecuador. Guayaquil \u2013 Ecuador.<br \/>\n1992<br \/>\n\u201cPINTORES LATINOAMERICANOS\u201d Galer\u00eda Fundaci\u00f3n Exedra, Quito \u2013 Ecuador.<span class=\"Apple-converted-space\">\u00a0<\/span><br \/>\nEXPOSICION COLECTIVA: Galer\u00eda Alianza Francesa. Cali \u2013 Colombia.<br \/>\n1993<br \/>\nExposici\u00f3n Subasta \u201cDAMNIFICADOS DEL AUSTRO\u201d Hotel Oro Verde, Quito \u2013 Ecuador.<span class=\"Apple-converted-space\">\u00a0<\/span><br \/>\nMuestra Colectiva, C\u00e1amara de Comercio de Quito \u2013 Ecuador.<span class=\"Apple-converted-space\">\u00a0<\/span><br \/>\nExposici\u00f3n Colectiva, Colegio de Arquitectos de Quito.<span class=\"Apple-converted-space\">\u00a0<\/span><br \/>\nExposici\u00f3n Sal\u00f3n de Diciembre. Concurso de Pintura, Galer\u00eda Alberto Mena Caama\u00f1o. I. Municipio de Quito \u2013 Ecuador.<br \/>\n1995<br \/>\nGaler\u00eda \u201cLE PREMIER\u201d Bruselas \u2013 B\u00e9lgica.<span class=\"Apple-converted-space\">\u00a0<\/span><br \/>\nGaler\u00eda CDX \u2013 COlectiva, Quito \u2013 Ecuador.<br \/>\n1996<br \/>\nGaler\u00eda CCNNU. Sal\u00f3n Taurino CITOTUSA Quito.<span class=\"Apple-converted-space\">\u00a0<\/span><br \/>\nGaler\u00eda Toledo, Madrid \u2013 Espa\u00f1a.<br \/>\n1997<br \/>\nGaler\u00eda Am\u00e9rica 92, Lima Per\u00fa, Colectiva.<br \/>\n1998<br \/>\nSal\u00f3n de Julio, Museo Municipal de Guayaquil, Ecuador.<br \/>\n1999<br \/>\nAsociaci\u00f3n Stella Marris, Lima \u2013 Per\u00fa.<br \/>\n2000<br \/>\nSala de Exhibiciones de la Embajada del Per\u00fa, Quito \u2013 Ecuador.<br \/>\n2001<br \/>\nSal\u00f3n Nacional de Dibujo, Gr\u00e1fica y Acuarela, Centro Cultural Metropolitano, Quito \u2013 Ecuador.<span class=\"Apple-converted-space\">\u00a0<\/span><br \/>\nExposici\u00f3n Colectiva, Facultad de Arquitectura Universidad Central de Quito \u2013 Ecuador. 2003<br \/>\nERASE UNA VEZ\u2026..LUZ Y VIDA. Hotel Real Intercontinental. san Salvador, El Salvador.<br \/>\n2004<br \/>\nAPURIMAC. Palais Tcheknavorian \u2013 Asenbauer. Viena Austria.<br \/>\n2005<br \/>\nFundacion Hogares Providencia. Hotel Radisson Royal. San Salvador, Republica del Salvador.<br \/>\n <p class=\"wpsm-hide\" style=\"color: #cc0000; font-size: 100%; text-align: left;\"> ... Ler menos<\/p><\/div><\/div>\n","protected":false},"excerpt":{"rendered":"<p>Artista: Franco Belli T\u00edtulo: Colibri T\u00e9cnica: \u00d3leo Sobre Tela Dimens\u00f5es:\u00a0110 X 90,5 cm\u00a0<\/p>\n","protected":false},"featured_media":756,"template":"","meta":[],"product_cat":[77],"product_tag":[100,99,101],"class_list":["post-755","product","type-product","status-publish","has-post-thumbnail","hentry","product_cat-franco-belli","product_tag-brazil-gallery","product_tag-galeria-de-arte","product_tag-obras-de-arte"],"aioseo_notices":[],"_links":{"self":[{"href":"https:\/\/bg1.com.br\/loja\/wp-json\/wp\/v2\/product\/755","targetHints":{"allow":["GET"]}}],"collection":[{"href":"https:\/\/bg1.com.br\/loja\/wp-json\/wp\/v2\/product"}],"about":[{"href":"https:\/\/bg1.com.br\/loja\/wp-json\/wp\/v2\/types\/product"}],"wp:featuredmedia":[{"embeddable":true,"href":"https:\/\/bg1.com.br\/loja\/wp-json\/wp\/v2\/media\/756"}],"wp:attachment":[{"href":"https:\/\/bg1.com.br\/loja\/wp-json\/wp\/v2\/media?parent=755"}],"wp:term":[{"taxonomy":"product_cat","embeddable":true,"href":"https:\/\/bg1.com.br\/loja\/wp-json\/wp\/v2\/product_cat?post=755"},{"taxonomy":"product_tag","embeddable":true,"href":"https:\/\/bg1.com.br\/loja\/wp-json\/wp\/v2\/product_tag?post=755"}],"curies":[{"name":"wp","href":"https:\/\/api.w.org\/{rel}","templated":true}]}}