{"id":815,"date":"2020-08-10T23:06:40","date_gmt":"2020-08-11T02:06:40","guid":{"rendered":"http:\/\/bg1.com.br\/loja\/produto\/yaacov-agam-usa-flag-serigrafia-em-espelho-tiragem-22-75-dimensoes-24-x-22-cm-ref-ya-001\/"},"modified":"2021-12-23T12:02:34","modified_gmt":"2021-12-23T15:02:34","slug":"yaacov-agam-usa-flag-serigrafia-em-espelho-tiragem-22-75-dimensoes-24-x-22-cm-ref-ya-001","status":"publish","type":"product","link":"https:\/\/bg1.com.br\/loja\/produto\/yaacov-agam-usa-flag-serigrafia-em-espelho-tiragem-22-75-dimensoes-24-x-22-cm-ref-ya-001\/","title":{"rendered":"Yaacov Agam &#8211; USA Flag &#8211; Serigrafia em Espelho &#8211; Tiragem: 22\/75 &#8211; Dimens\u00f5es: 24 X 22 cm &#8211; Ref: YA-001"},"content":{"rendered":"<p>Artista: Yaacov Agam<br \/>\nT\u00edtulo: USA Flag<br \/>\nT\u00e9cnica: Serigrafia em Espelho<br \/>\nTiragem: 22\/75<br \/>\nDimens\u00f5es: 24 X 22 cm<\/p>\n<div class=\"show_more\"><p class=\"wpsm-show\" style=\"color: #cc0000; font-size: 100%; text-align: left;\"> ... Leia mais<\/p><div class=\"wpsm-content\">\nYaacov Agam foi um dos mais importantes realizadores de obras cin\u00e9ticas transform\u00e1veis, ou seja, aquelas que requerem a movimenta\u00e7\u00e3o do observador para perceber todas as suas varia\u00e7\u00f5es. Agam formou-se na Academia de Arte de Jerusal\u00e9m, embora se saiba que come\u00e7ou a pintar ainda na adolesc\u00eancia, motivado pelas obras de Van Gogh, Rembrandt e Dor\u00e9. Seu professor, o artista pl\u00e1stico Ardo, aconselhou-o a continuar os estudos na Su\u00ed\u00e7a, junto a Itten, pertencente \u00e0 Bauhaus.<\/p>\n<p>Al\u00e9m das aulas de arte, Agam tamb\u00e9m estudou composi\u00e7\u00e3o musical no conservat\u00f3rio de Zurique, o que iria se refletir intensamente em suas obras posteriores. Definitivamente instalado em Paris, o artista exp\u00f4s em 1953 suas primeiras pinturas polif\u00f4nicas de natureza eminentemente cin\u00e9tica. J\u00e1 na d\u00e9cada de 1960 se decidiu por um novo suporte, o alum\u00ednio de superf\u00edcie irregular, que trabalhou em tons muito brilhantes e com um estudado efeito \u00f3tico. Tamb\u00e9m se aventurou pela escultura. Uma de suas obras mais importantes nessa disciplina, As 100 Portas, decora a resid\u00eancia presidencial de Israel.<br \/>\n <p class=\"wpsm-hide\" style=\"color: #cc0000; font-size: 100%; text-align: left;\"> ... Ler menos<\/p><\/div><\/div>\n","protected":false},"excerpt":{"rendered":"<p>Artista: Yaacov Agam T\u00edtulo: USA Flag T\u00e9cnica: Serigrafia em Espelho Tiragem: 22\/75 Dimens\u00f5es: 24 X 22 cm<\/p>\n","protected":false},"featured_media":816,"template":"","meta":[],"product_cat":[87],"product_tag":[],"class_list":["post-815","product","type-product","status-publish","has-post-thumbnail","hentry","product_cat-yaacov-agam"],"aioseo_notices":[],"_links":{"self":[{"href":"https:\/\/bg1.com.br\/loja\/wp-json\/wp\/v2\/product\/815","targetHints":{"allow":["GET"]}}],"collection":[{"href":"https:\/\/bg1.com.br\/loja\/wp-json\/wp\/v2\/product"}],"about":[{"href":"https:\/\/bg1.com.br\/loja\/wp-json\/wp\/v2\/types\/product"}],"wp:featuredmedia":[{"embeddable":true,"href":"https:\/\/bg1.com.br\/loja\/wp-json\/wp\/v2\/media\/816"}],"wp:attachment":[{"href":"https:\/\/bg1.com.br\/loja\/wp-json\/wp\/v2\/media?parent=815"}],"wp:term":[{"taxonomy":"product_cat","embeddable":true,"href":"https:\/\/bg1.com.br\/loja\/wp-json\/wp\/v2\/product_cat?post=815"},{"taxonomy":"product_tag","embeddable":true,"href":"https:\/\/bg1.com.br\/loja\/wp-json\/wp\/v2\/product_tag?post=815"}],"curies":[{"name":"wp","href":"https:\/\/api.w.org\/{rel}","templated":true}]}}