{"id":839,"date":"2020-08-10T23:06:40","date_gmt":"2020-08-11T02:06:40","guid":{"rendered":"http:\/\/bg1.com.br\/loja\/produto\/sorensen-carlos-haroldo-sem-titulo-assemblage-51-x-51-cm-dec-1950-1960-ref-chs-001\/"},"modified":"2020-12-07T17:14:06","modified_gmt":"2020-12-07T20:14:06","slug":"sorensen-carlos-haroldo-sem-titulo-assemblage-51-x-51-cm-dec-1950-1960-ref-chs-001","status":"publish","type":"product","link":"https:\/\/bg1.com.br\/loja\/produto\/sorensen-carlos-haroldo-sem-titulo-assemblage-51-x-51-cm-dec-1950-1960-ref-chs-001\/","title":{"rendered":"S\u00f6rensen, Carlos Haroldo &#8211; Sem T\u00edtulo &#8211; Assemblage &#8211; 51 X 51 cm &#8211; D\u00e9c. 1950\/1960 &#8211; Ref: CHS-001"},"content":{"rendered":"<p>Artista: S\u00f6rensen, Carlos Haroldo<br \/>\nSem T\u00edtulo<br \/>\nT\u00e9cnica: Assemblage<br \/>\nDimens\u00f5es: 51 X 51 cm<br \/>\nCarlos Haraldo Sorensen (Bauru SP 1928 &#8211; Rio de Janeiro RJ 2008)<\/p>\n<div class=\"show_more\"><p class=\"wpsm-show\" style=\"color: #cc0000; font-size: 100%; text-align: left;\"> ... Leia mais<\/p><div class=\"wpsm-content\">\nPintor, ceramista, tapeceiro, cen\u00f3grafo, ilustrador, figurinista, arquiteto, designer, poeta.<\/p>\n<p>Carlos Haraldo Sorensen (Bauru SP 1928) forma-se em arquitetura pela Faculdade de Arquitetura da Universidade do Brasil em 1958. Em 1952 e 1953 vive em Paris (Fran\u00e7a) onde freq\u00fcenta o ateli\u00ea de Andr\u00e9 Lhote e conhece Picasso, Roonet e Fernand L\u00e9ger , durante esse per\u00edodo tamb\u00e9m estuda na Escola Superior de Belas Artes de Paris com Gleizes. Em 1948 trabalha com Di Cavalcanti, com quem pinta in\u00fameros pain\u00e9is. Em 1949 faz sua primeira individual, na Cooperativa dos Artistas Pl\u00e1sticos em S\u00e3o Paulo SP. Durante a d\u00e9cada de 50 ilustra diariamente in\u00fameras revistas e jornais com Santa Rosa, Portinari e Sigaud; participa de diversos sal\u00f5es, entre eles o Sal\u00e3o Preto e Branco, no Pal\u00e1cio da Cultura do Rio de Janeiro. Em 1950 organiza o 1\u00ba Sal\u00e3o do ART no Clube do Rio de Janeiro, e dois anos depois organiza, junto com grupo de expositores orientados por Lucio Costa e Jorge Amado, o 1\u00ba Sal\u00e3o Brasileiro de Arte moderna. Em 1951 ingressa como ator na cia de Jean Louis Barrault &#8211; Madeleine Renaut. Entre 1956 e 1970 \u00e9 diretor de arte na TV Tupi, a convite de Assis Chateaubriand. Entre 1970 e 1981 realiza a cria\u00e7\u00e3o visual do programa Fant\u00e1stico e de musicais e novelas da Rede Globo. Participa da 8\u00aa Bienal Internacional de S\u00e3o Paulo em 1965, e em 1976, da Retrospectiva de 35 anos de atividades no MAM\/RJ, na Real Galeria de Arte e no MEC, onde recebe o Pr\u00eamio Aquisi\u00e7\u00e3o MEC. Em 1985 exp\u00f5e no 8\u00ba Sal\u00e3o Nacional de Artes Pl\u00e1sticas, na MAM\/RJ. Ilustra diversos livros, desenha figurinos para pe\u00e7as teatrais e recebe diversos pr\u00eamios como Pr\u00eamio Melhor Figurinista do Ano em 1958 e 1962.<\/p>\n<p>Cr\u00edticas<\/p>\n<p>&#8220;Desde bem mo\u00e7o engravatado pelas rodas art\u00edsticas e intelectuais do Vermelhinho, observo, reporto e tento analisar a presen\u00e7a instigante de Sorensen &#8211; homem-forma, homem-show, homem-povo, homem-liberdade. E hoje ainda ele continua a irradiar a mesma ambiguidade e expectativa, embora o calo do of\u00edcio e os muitos macetes que quase conduzem ao ceticismo. O antigo corpo-m\u00e1scara-travestimento de todas as t\u00e9cnicas visuais, transformador de ambientes e de comportamentos, chega aos 60 anos com novos processos, novas formas e novos riscos. Agora com ambi\u00e7\u00f5es antropol\u00f3gicas, na fus\u00e3o dos elementos vivenciados e transformados. (&#8230;) Em todas as manifesta\u00e7\u00f5es ou estudos de artes destes \u00faltimos 35 anos, l\u00e1 estava ele, estressante e um pouco alucin\u00f3geno. Fazia de tudo &#8211; pintura, tape\u00e7aria, cenografia, cer\u00e2mica, arquitetura, cinema, imprensa &#8211; e muitos carnavais, em que se dava por inteiro, numa a\u00e7\u00e3o fantasiosa e corporal pr\u00f3xima do colapso nervoso. Sorensen j\u00e1 me envolvia em seu potencial multifacetado, mas na \u00e9poca provocava certas cautelas &#8211; ou certas covardias. Mas, em 1953, disse algo sobre seu trabalho. Em todo aquele ecletismo nada havia de epid\u00e9rmico ou que justificasse problemas \u00edntimos, lastimavelmente sempre desaguado no \u00b4art\u00edstico\u00b4. Sorensen estudou muito, aqui e no exterior. Mas n\u00e3o se fez erudito &#8211; preservou as for\u00e7as da intui\u00e7\u00e3o: cultivado mas n\u00e3o culto &#8211; queria gerar cultura. Nunca rotulou ou planejou muito mas questionava tudo, violentava hipocrisias, amoral em seus fasc\u00ednios libert\u00e1rios, bem anterior aos recados dos hippies&#8221;.<br \/>\nJayme Maur\u00edcio<br \/>\nS\u00d6RENSEN. Sorensen. Apresenta\u00e7\u00e3o Jayme Maur\u00edcio. S\u00e3o Paulo : Chroma Galeria de Arte, 1987. [7] p. il. p&amp;b color.<\/p>\n<p>Exposi\u00e7\u00f5es Individuais<\/p>\n<p>1949 &#8211; S\u00e3o Paulo SP &#8211; Primeira individual, na Cooperativa dos Artistas Pl\u00e1sticos<br \/>\n1955 &#8211; Rio de Janeiro RJ &#8211; Individual com trabalhos de 1945 a 1955, na Galeria Exclusividades<br \/>\n1956 &#8211; Rio de Janeiro RJ &#8211; Retrospectiva da Pintura Brasileira, na Enba<br \/>\n1956 &#8211; S\u00e3o Paulo SP &#8211; Individual, na Galeria Vimart<br \/>\n1956 &#8211; Tel Avive (Israel) &#8211; Individual, no Museu de Tel Avive<br \/>\n1976 &#8211; Rio de Janeiro RJ &#8211; Retrospectiva de 35 anos de atividades, no MAM\/RJ &#8211; Pr\u00eamio Aquisi\u00e7\u00e3o MEC<br \/>\n1976 &#8211; Rio de Janeiro RJ &#8211; Retrospectiva de 35 anos de atividades, na Real Galeria de Arte &#8211; Pr\u00eamio Aquisi\u00e7\u00e3o MEC<br \/>\n1976 &#8211; Rio de Janeiro RJ &#8211; Retrospectiva de 35 anos de atividades, no MEC &#8211; Pr\u00eamio Aquisi\u00e7\u00e3o MEC<br \/>\n1976 &#8211; S\u00e3o Paulo SP &#8211; Individual de inaugura\u00e7\u00e3o do Teatro Brigadeiro<br \/>\n1987 &#8211; S\u00e3o Paulo SP &#8211; Individual, na Chroma Galeria de Arte<br \/>\n1987 &#8211; Rio de Janeiro RJ &#8211; Individual, no S\u00e3o Conrado Studio de Arte<br \/>\n1987 &#8211; S\u00e3o Paulo SP &#8211; Individual, na Galeria Valoart<br \/>\n1987 &#8211; Buenos Aires (Argentina) &#8211; Individual<br \/>\n1991 &#8211; Macei\u00f3 AL &#8211; Individual, na Galeria Villa Bernini<br \/>\n1992 &#8211; Salvador BA &#8211; Individual, na MCR Galeria de Arte<\/p>\n<p>Exposi\u00e7\u00f5es Coletivas<\/p>\n<p>1946 &#8211; s.l.- Sal\u00e3o de Arte do Interior do Estado de S\u00e3o Paulo &#8211; medalha de bronze<br \/>\n1950 &#8211; Rio de Janeiro RJ &#8211; 1\u00ba Sal\u00e3o do Art-Clube do Rio de Janeiro<br \/>\n1950 &#8211; Rio de Janeiro RJ &#8211; 4\u00ba Sal\u00e3o Militar de Belas Artes &#8211; medalha de bronze<br \/>\n1951 &#8211; Rio de Janeiro RJ &#8211; 56\u00ba Sal\u00e3o Nacional de Belas Artes<br \/>\n1951 &#8211; Rio de Janeiro RJ &#8211; 5\u00ba Sal\u00e3o Militar de Belas Artes &#8211; medalha de prata<br \/>\n1952 &#8211; Rio de Janeiro RJ &#8211; 1\u00ba Sal\u00e3o Brasileiro de Arte Moderna<br \/>\n1952 &#8211; Rio de Janeiro RJ &#8211; 1\u00ba Sal\u00e3o Nacional de Arte Moderna, no MAM\/RJ<br \/>\n1953 &#8211; Paris (Fran\u00e7a) &#8211; Mostra &#8211; Cer\u00e2mica e Nanquim, na Galeria Dina Verri<br \/>\n1953 &#8211; Rio de Janeiro RJ &#8211; 2\u00ba Sal\u00e3o Nacional de Arte Moderna, no MNBA<br \/>\n1953 &#8211; Rio de Janeiro RJ &#8211; 4\u00ba Sal\u00e3o de Naturezas Mortas, no Theatro Municipal<br \/>\n1954 &#8211; Goi\u00e2nia GO &#8211; Exposi\u00e7\u00e3o do Congresso Nacional de Intelectuais<br \/>\n1954 &#8211; Rio de Janeiro RJ &#8211; Sal\u00e3o Preto e Branco, no Pal\u00e1cio da Cultura<br \/>\n1955 &#8211; Rio de Janeiro RJ &#8211; 4\u00ba Sal\u00e3o Nacional de Arte Moderna<br \/>\n1956 &#8211; Londres (Inglaterra) &#8211; Coletiva, na Tate Gallery<br \/>\n1956 &#8211; Nova York (Estados Unidos) &#8211; Mostra, na Galeria Ruth Cohen<br \/>\n1956 &#8211; Rio de Janeiro RJ &#8211; 1\u00ba Sal\u00e3o Ferrovi\u00e1rio, no MEC<br \/>\n1956 &#8211; Rio de Janeiro RJ &#8211; 5\u00ba Sal\u00e3o Nacional de Arte Moderna<br \/>\n1957 &#8211; Rio de Janeiro RJ &#8211; 6\u00ba Sal\u00e3o Nacional de Arte Moderna<br \/>\n1958 &#8211; Rio de Janeiro RJ &#8211; 7\u00ba Sal\u00e3o Nacional de Arte Moderna, no MAM\/RJ<br \/>\n1958 &#8211; Rio de Janeiro RJ &#8211; Sal\u00e3o do Mar<br \/>\n1959 &#8211; Rio de Janeiro RJ &#8211; 8\u00ba Sal\u00e3o Nacional de Arte Moderna, no MAM\/RJ<br \/>\n1963 &#8211; Lagos (Nig\u00e9ria) &#8211; Mostra, no Nigerian Museum<br \/>\n1963 &#8211; S\u00e3o Paulo SP &#8211; 7\u00aa Bienal Internacional de S\u00e3o Paulo, na Funda\u00e7\u00e3o Bienal<br \/>\n1964 &#8211; Rio de Janeiro RJ &#8211; O Nu na Arte Contempor\u00e2nea, na Galeria Ibeu Copacabana<br \/>\n1965 &#8211; S\u00e3o Paulo SP &#8211; 8\u00aa Bienal Internacional de S\u00e3o Paulo, na Funda\u00e7\u00e3o Bienal<br \/>\n1975 &#8211; Belo Horizonte MG &#8211; 7\u00ba Sal\u00e3o de Arte Nacional<br \/>\n1985 &#8211; Rio de Janeiro RJ &#8211; 8\u00ba Sal\u00e3o Nacional de Artes Pl\u00e1sticas, no MAM\/RJ<br \/>\n1986 &#8211; Rio de Janeiro RJ &#8211; Coletiva de inaugura\u00e7\u00e3o do S\u00e3o Conrado Studio de Arte<br \/>\n1986 &#8211; Rio de Janeiro RJ &#8211; Exposi\u00e7\u00e3o Brasil, no S\u00e3o Conrado Studio de Arte<br \/>\n1986 &#8211; S\u00e3o Jos\u00e9 dos Campos SP &#8211; Coletiva Entreartes<br \/>\n1987 &#8211; Rio de Janeiro RJ &#8211; Homenagem \u00e0 Villa-Lobos, na Galeria Bas\u00edlio<\/p>\n<p>Fonte: Ita\u00fa Cultural<br \/>\n <p class=\"wpsm-hide\" style=\"color: #cc0000; font-size: 100%; text-align: left;\"> ... Ler menos<\/p><\/div><\/div>\n","protected":false},"excerpt":{"rendered":"<p>Artista: S\u00f6rensen, Carlos Haroldo Sem T\u00edtulo T\u00e9cnica: Assemblage Dimens\u00f5es: 51 X 51 cm Carlos Haraldo Sorensen (Bauru SP 1928 &#8211; Rio de Janeiro RJ 2008)<\/p>\n","protected":false},"featured_media":840,"template":"","meta":[],"product_cat":[92],"product_tag":[100,99,101],"class_list":["post-839","product","type-product","status-publish","has-post-thumbnail","hentry","product_cat-sorensen-carlos","product_tag-brazil-gallery","product_tag-galeria-de-arte","product_tag-obras-de-arte"],"aioseo_notices":[],"_links":{"self":[{"href":"https:\/\/bg1.com.br\/loja\/wp-json\/wp\/v2\/product\/839","targetHints":{"allow":["GET"]}}],"collection":[{"href":"https:\/\/bg1.com.br\/loja\/wp-json\/wp\/v2\/product"}],"about":[{"href":"https:\/\/bg1.com.br\/loja\/wp-json\/wp\/v2\/types\/product"}],"wp:featuredmedia":[{"embeddable":true,"href":"https:\/\/bg1.com.br\/loja\/wp-json\/wp\/v2\/media\/840"}],"wp:attachment":[{"href":"https:\/\/bg1.com.br\/loja\/wp-json\/wp\/v2\/media?parent=839"}],"wp:term":[{"taxonomy":"product_cat","embeddable":true,"href":"https:\/\/bg1.com.br\/loja\/wp-json\/wp\/v2\/product_cat?post=839"},{"taxonomy":"product_tag","embeddable":true,"href":"https:\/\/bg1.com.br\/loja\/wp-json\/wp\/v2\/product_tag?post=839"}],"curies":[{"name":"wp","href":"https:\/\/api.w.org\/{rel}","templated":true}]}}